{"id":34720,"date":"2022-01-13T09:01:39","date_gmt":"2022-01-13T12:01:39","guid":{"rendered":"https:\/\/www.museuhistoricosl.com.br\/loja\/produto\/sl066-fd-0013\/"},"modified":"2022-01-13T09:01:39","modified_gmt":"2022-01-13T12:01:39","slug":"sl066-fd-0013","status":"publish","type":"product","link":"https:\/\/www.museuhistoricosl.com.br\/loja\/produto\/sl066-fd-0013\/","title":{"rendered":"SL066-FD-0013"},"content":{"rendered":"<p>Museu Hist\u00f3rico Visconde de S\u00e3o Leopoldo, 2\u00ba piso: Exposi\u00e7\u00e3o de pe\u00e7as de uso caseiro, Bandeiras de antigos Clubes, Mesa oval: foi da C\u00e2mara de Vereadores de S\u00e3o Leopoldo, local de trabalho dos pesquisadores, Ao fundo: parte da biblioteca (8.000 volumes espec\u00edficos); Fundo Museu Hist\u00f3rico Visconde de S\u00e3o Leopoldo; <\/p>\n","protected":false},"excerpt":{"rendered":"<p>Museu Hist\u00f3rico Visconde de S\u00e3o Leopoldo, 2\u00ba piso: Exposi\u00e7\u00e3o de pe\u00e7as de uso caseiro, Bandeiras de antigos Clubes, Mesa oval:<\/p>\n","protected":false},"featured_media":34719,"comment_status":"open","ping_status":"closed","template":"","meta":{"_acf_changed":false},"product_cat":[84],"product_tag":[],"class_list":["post-34720","product","type-product","status-publish","has-post-thumbnail","hentry","product_cat-fundo-museu-historico-visconde-de-sao-leopoldo"],"acf":[],"_links":{"self":[{"href":"https:\/\/www.museuhistoricosl.com.br\/loja\/wp-json\/wp\/v2\/product\/34720","targetHints":{"allow":["GET"]}}],"collection":[{"href":"https:\/\/www.museuhistoricosl.com.br\/loja\/wp-json\/wp\/v2\/product"}],"about":[{"href":"https:\/\/www.museuhistoricosl.com.br\/loja\/wp-json\/wp\/v2\/types\/product"}],"replies":[{"embeddable":true,"href":"https:\/\/www.museuhistoricosl.com.br\/loja\/wp-json\/wp\/v2\/comments?post=34720"}],"wp:featuredmedia":[{"embeddable":true,"href":"https:\/\/www.museuhistoricosl.com.br\/loja\/wp-json\/wp\/v2\/media\/34719"}],"wp:attachment":[{"href":"https:\/\/www.museuhistoricosl.com.br\/loja\/wp-json\/wp\/v2\/media?parent=34720"}],"wp:term":[{"taxonomy":"product_cat","embeddable":true,"href":"https:\/\/www.museuhistoricosl.com.br\/loja\/wp-json\/wp\/v2\/product_cat?post=34720"},{"taxonomy":"product_tag","embeddable":true,"href":"https:\/\/www.museuhistoricosl.com.br\/loja\/wp-json\/wp\/v2\/product_tag?post=34720"}],"curies":[{"name":"wp","href":"https:\/\/api.w.org\/{rel}","templated":true}]}}