{"id":34716,"date":"2022-01-13T09:01:38","date_gmt":"2022-01-13T12:01:38","guid":{"rendered":"https:\/\/www.museuhistoricosl.com.br\/loja\/produto\/sl066-fd-0011\/"},"modified":"2022-01-13T09:01:38","modified_gmt":"2022-01-13T12:01:38","slug":"sl066-fd-0011","status":"publish","type":"product","link":"https:\/\/www.museuhistoricosl.com.br\/loja\/produto\/sl066-fd-0011\/","title":{"rendered":"SL066-FD-0011"},"content":{"rendered":"<p>Museu Hist\u00f3rico Visconde de S\u00e3o Leopoldo, 1\u00ba piso: Sal\u00e3o de exposi\u00e7\u00e3o em vitrines e algumas pe\u00e7as grandes fixas na parede; Fundo Museu Hist\u00f3rico Visconde de S\u00e3o Leopoldo; <\/p>\n","protected":false},"excerpt":{"rendered":"<p>Museu Hist\u00f3rico Visconde de S\u00e3o Leopoldo, 1\u00ba piso: Sal\u00e3o de exposi\u00e7\u00e3o em vitrines e algumas pe\u00e7as grandes fixas na parede;<\/p>\n","protected":false},"featured_media":34715,"comment_status":"open","ping_status":"closed","template":"","meta":{"_acf_changed":false},"product_cat":[84],"product_tag":[],"class_list":["post-34716","product","type-product","status-publish","has-post-thumbnail","hentry","product_cat-fundo-museu-historico-visconde-de-sao-leopoldo"],"acf":[],"_links":{"self":[{"href":"https:\/\/www.museuhistoricosl.com.br\/loja\/wp-json\/wp\/v2\/product\/34716","targetHints":{"allow":["GET"]}}],"collection":[{"href":"https:\/\/www.museuhistoricosl.com.br\/loja\/wp-json\/wp\/v2\/product"}],"about":[{"href":"https:\/\/www.museuhistoricosl.com.br\/loja\/wp-json\/wp\/v2\/types\/product"}],"replies":[{"embeddable":true,"href":"https:\/\/www.museuhistoricosl.com.br\/loja\/wp-json\/wp\/v2\/comments?post=34716"}],"wp:featuredmedia":[{"embeddable":true,"href":"https:\/\/www.museuhistoricosl.com.br\/loja\/wp-json\/wp\/v2\/media\/34715"}],"wp:attachment":[{"href":"https:\/\/www.museuhistoricosl.com.br\/loja\/wp-json\/wp\/v2\/media?parent=34716"}],"wp:term":[{"taxonomy":"product_cat","embeddable":true,"href":"https:\/\/www.museuhistoricosl.com.br\/loja\/wp-json\/wp\/v2\/product_cat?post=34716"},{"taxonomy":"product_tag","embeddable":true,"href":"https:\/\/www.museuhistoricosl.com.br\/loja\/wp-json\/wp\/v2\/product_tag?post=34716"}],"curies":[{"name":"wp","href":"https:\/\/api.w.org\/{rel}","templated":true}]}}