{"id":34708,"date":"2022-01-13T09:01:35","date_gmt":"2022-01-13T12:01:35","guid":{"rendered":"https:\/\/www.museuhistoricosl.com.br\/loja\/produto\/sl066-fd-0007\/"},"modified":"2022-01-13T09:01:35","modified_gmt":"2022-01-13T12:01:35","slug":"sl066-fd-0007","status":"publish","type":"product","link":"https:\/\/www.museuhistoricosl.com.br\/loja\/produto\/sl066-fd-0007\/","title":{"rendered":"SL066-FD-0007"},"content":{"rendered":"<p>Museu Hist\u00f3rico Visconde de S\u00e3o Leopoldo, Vista do hall de entrada, Est\u00e1tua do S\u00e3o Leopoldo, B\u00edblia, Genuflex\u00f3rio da Viscondessa de S\u00e3o Leopoldo, Harm\u00f4nicos usados em igrejas, P\u00falpito da Igreja Matriz de S\u00e3o Leopoldo de 1911; Fundo Museu Hist\u00f3rico Visconde de S\u00e3o Leopoldo; <\/p>\n","protected":false},"excerpt":{"rendered":"<p>Museu Hist\u00f3rico Visconde de S\u00e3o Leopoldo, Vista do hall de entrada, Est\u00e1tua do S\u00e3o Leopoldo, B\u00edblia, Genuflex\u00f3rio da Viscondessa de<\/p>\n","protected":false},"featured_media":34707,"comment_status":"open","ping_status":"closed","template":"","meta":{"_acf_changed":false},"product_cat":[84],"product_tag":[],"class_list":["post-34708","product","type-product","status-publish","has-post-thumbnail","hentry","product_cat-fundo-museu-historico-visconde-de-sao-leopoldo"],"acf":[],"_links":{"self":[{"href":"https:\/\/www.museuhistoricosl.com.br\/loja\/wp-json\/wp\/v2\/product\/34708","targetHints":{"allow":["GET"]}}],"collection":[{"href":"https:\/\/www.museuhistoricosl.com.br\/loja\/wp-json\/wp\/v2\/product"}],"about":[{"href":"https:\/\/www.museuhistoricosl.com.br\/loja\/wp-json\/wp\/v2\/types\/product"}],"replies":[{"embeddable":true,"href":"https:\/\/www.museuhistoricosl.com.br\/loja\/wp-json\/wp\/v2\/comments?post=34708"}],"wp:featuredmedia":[{"embeddable":true,"href":"https:\/\/www.museuhistoricosl.com.br\/loja\/wp-json\/wp\/v2\/media\/34707"}],"wp:attachment":[{"href":"https:\/\/www.museuhistoricosl.com.br\/loja\/wp-json\/wp\/v2\/media?parent=34708"}],"wp:term":[{"taxonomy":"product_cat","embeddable":true,"href":"https:\/\/www.museuhistoricosl.com.br\/loja\/wp-json\/wp\/v2\/product_cat?post=34708"},{"taxonomy":"product_tag","embeddable":true,"href":"https:\/\/www.museuhistoricosl.com.br\/loja\/wp-json\/wp\/v2\/product_tag?post=34708"}],"curies":[{"name":"wp","href":"https:\/\/api.w.org\/{rel}","templated":true}]}}