{"id":34702,"date":"2022-01-13T09:01:33","date_gmt":"2022-01-13T12:01:33","guid":{"rendered":"https:\/\/www.museuhistoricosl.com.br\/loja\/produto\/sl066-fd-0004\/"},"modified":"2022-01-13T09:01:33","modified_gmt":"2022-01-13T12:01:33","slug":"sl066-fd-0004","status":"publish","type":"product","link":"https:\/\/www.museuhistoricosl.com.br\/loja\/produto\/sl066-fd-0004\/","title":{"rendered":"SL066-FD-0004"},"content":{"rendered":"<p>Germano Oscar Moehleche e Telmo Lauro M\u00fcller  no Museu,  Doa\u00e7\u00e3o Revista Rua Grande; Fundo Museu Hist\u00f3rico Visconde de S\u00e3o Leopoldo; <\/p>\n","protected":false},"excerpt":{"rendered":"<p>Germano Oscar Moehleche e Telmo Lauro M\u00fcller no Museu, Doa\u00e7\u00e3o Revista Rua Grande; Fundo Museu Hist\u00f3rico Visconde de S\u00e3o Leopoldo;<\/p>\n","protected":false},"featured_media":34701,"comment_status":"open","ping_status":"closed","template":"","meta":{"_acf_changed":false},"product_cat":[84],"product_tag":[],"class_list":["post-34702","product","type-product","status-publish","has-post-thumbnail","hentry","product_cat-fundo-museu-historico-visconde-de-sao-leopoldo"],"acf":[],"_links":{"self":[{"href":"https:\/\/www.museuhistoricosl.com.br\/loja\/wp-json\/wp\/v2\/product\/34702","targetHints":{"allow":["GET"]}}],"collection":[{"href":"https:\/\/www.museuhistoricosl.com.br\/loja\/wp-json\/wp\/v2\/product"}],"about":[{"href":"https:\/\/www.museuhistoricosl.com.br\/loja\/wp-json\/wp\/v2\/types\/product"}],"replies":[{"embeddable":true,"href":"https:\/\/www.museuhistoricosl.com.br\/loja\/wp-json\/wp\/v2\/comments?post=34702"}],"wp:featuredmedia":[{"embeddable":true,"href":"https:\/\/www.museuhistoricosl.com.br\/loja\/wp-json\/wp\/v2\/media\/34701"}],"wp:attachment":[{"href":"https:\/\/www.museuhistoricosl.com.br\/loja\/wp-json\/wp\/v2\/media?parent=34702"}],"wp:term":[{"taxonomy":"product_cat","embeddable":true,"href":"https:\/\/www.museuhistoricosl.com.br\/loja\/wp-json\/wp\/v2\/product_cat?post=34702"},{"taxonomy":"product_tag","embeddable":true,"href":"https:\/\/www.museuhistoricosl.com.br\/loja\/wp-json\/wp\/v2\/product_tag?post=34702"}],"curies":[{"name":"wp","href":"https:\/\/api.w.org\/{rel}","templated":true}]}}