{"id":34657,"date":"2022-01-13T08:47:04","date_gmt":"2022-01-13T11:47:04","guid":{"rendered":"https:\/\/www.museuhistoricosl.com.br\/loja\/produto\/xmuck-fd-0005\/"},"modified":"2022-01-13T08:47:04","modified_gmt":"2022-01-13T11:47:04","slug":"xmuck-fd-0005","status":"publish","type":"product","link":"https:\/\/www.museuhistoricosl.com.br\/loja\/produto\/xmuck-fd-0005\/","title":{"rendered":"XMUCK-FD-0005"},"content":{"rendered":"<p>Miguel (+09\/07\/1950, Porto Alegre) e Aur\u00e9lia (+01\/09\/1927, Porto Alegre) No\u00e9. &#8211; C\u00f3digo anterior de cat\u00e1logo:FD 65-5; Fundo Mucker; Ajustar arquivo no D<\/p>\n","protected":false},"excerpt":{"rendered":"<p>Miguel (+09\/07\/1950, Porto Alegre) e Aur\u00e9lia (+01\/09\/1927, Porto Alegre) No\u00e9. &#8211; C\u00f3digo anterior de cat\u00e1logo:FD 65-5; Fundo Mucker; Ajustar arquivo<\/p>\n","protected":false},"featured_media":34656,"comment_status":"open","ping_status":"closed","template":"","meta":{"_acf_changed":false},"product_cat":[83],"product_tag":[],"class_list":["post-34657","product","type-product","status-publish","has-post-thumbnail","hentry","product_cat-fundo-mucker"],"acf":[],"_links":{"self":[{"href":"https:\/\/www.museuhistoricosl.com.br\/loja\/wp-json\/wp\/v2\/product\/34657","targetHints":{"allow":["GET"]}}],"collection":[{"href":"https:\/\/www.museuhistoricosl.com.br\/loja\/wp-json\/wp\/v2\/product"}],"about":[{"href":"https:\/\/www.museuhistoricosl.com.br\/loja\/wp-json\/wp\/v2\/types\/product"}],"replies":[{"embeddable":true,"href":"https:\/\/www.museuhistoricosl.com.br\/loja\/wp-json\/wp\/v2\/comments?post=34657"}],"wp:featuredmedia":[{"embeddable":true,"href":"https:\/\/www.museuhistoricosl.com.br\/loja\/wp-json\/wp\/v2\/media\/34656"}],"wp:attachment":[{"href":"https:\/\/www.museuhistoricosl.com.br\/loja\/wp-json\/wp\/v2\/media?parent=34657"}],"wp:term":[{"taxonomy":"product_cat","embeddable":true,"href":"https:\/\/www.museuhistoricosl.com.br\/loja\/wp-json\/wp\/v2\/product_cat?post=34657"},{"taxonomy":"product_tag","embeddable":true,"href":"https:\/\/www.museuhistoricosl.com.br\/loja\/wp-json\/wp\/v2\/product_tag?post=34657"}],"curies":[{"name":"wp","href":"https:\/\/api.w.org\/{rel}","templated":true}]}}