{"id":34551,"date":"2022-01-12T09:42:39","date_gmt":"2022-01-12T12:42:39","guid":{"rendered":"https:\/\/www.museuhistoricosl.com.br\/loja\/produto\/xmepg-fd-0115\/"},"modified":"2022-01-12T09:42:39","modified_gmt":"2022-01-12T12:42:39","slug":"xmepg-fd-0115","status":"publish","type":"product","link":"https:\/\/www.museuhistoricosl.com.br\/loja\/produto\/xmepg-fd-0115\/","title":{"rendered":"XMEPG-FD-0115"},"content":{"rendered":"<p>Inaugura\u00e7\u00e3o do Kuraschick 1959,  Doador  Pel\u00e1gio de Paula; Fundo Maria Em\u00edlia de Paula Gusm\u00e3o; <\/p>\n","protected":false},"excerpt":{"rendered":"<p>Inaugura\u00e7\u00e3o do Kuraschick 1959, Doador Pel\u00e1gio de Paula; Fundo Maria Em\u00edlia de Paula Gusm\u00e3o;<\/p>\n","protected":false},"featured_media":34550,"comment_status":"open","ping_status":"closed","template":"","meta":{"_acf_changed":false},"product_cat":[82],"product_tag":[],"class_list":["post-34551","product","type-product","status-publish","has-post-thumbnail","hentry","product_cat-fundo-maria-emilia-de-paula-gusmao"],"acf":[],"_links":{"self":[{"href":"https:\/\/www.museuhistoricosl.com.br\/loja\/wp-json\/wp\/v2\/product\/34551","targetHints":{"allow":["GET"]}}],"collection":[{"href":"https:\/\/www.museuhistoricosl.com.br\/loja\/wp-json\/wp\/v2\/product"}],"about":[{"href":"https:\/\/www.museuhistoricosl.com.br\/loja\/wp-json\/wp\/v2\/types\/product"}],"replies":[{"embeddable":true,"href":"https:\/\/www.museuhistoricosl.com.br\/loja\/wp-json\/wp\/v2\/comments?post=34551"}],"wp:featuredmedia":[{"embeddable":true,"href":"https:\/\/www.museuhistoricosl.com.br\/loja\/wp-json\/wp\/v2\/media\/34550"}],"wp:attachment":[{"href":"https:\/\/www.museuhistoricosl.com.br\/loja\/wp-json\/wp\/v2\/media?parent=34551"}],"wp:term":[{"taxonomy":"product_cat","embeddable":true,"href":"https:\/\/www.museuhistoricosl.com.br\/loja\/wp-json\/wp\/v2\/product_cat?post=34551"},{"taxonomy":"product_tag","embeddable":true,"href":"https:\/\/www.museuhistoricosl.com.br\/loja\/wp-json\/wp\/v2\/product_tag?post=34551"}],"curies":[{"name":"wp","href":"https:\/\/api.w.org\/{rel}","templated":true}]}}