{"id":34445,"date":"2022-01-12T09:41:46","date_gmt":"2022-01-12T12:41:46","guid":{"rendered":"https:\/\/www.museuhistoricosl.com.br\/loja\/produto\/xmepg-fd-0062\/"},"modified":"2022-01-12T09:41:46","modified_gmt":"2022-01-12T12:41:46","slug":"xmepg-fd-0062","status":"publish","type":"product","link":"https:\/\/www.museuhistoricosl.com.br\/loja\/produto\/xmepg-fd-0062\/","title":{"rendered":"XMEPG-FD-0062"},"content":{"rendered":"<p>Semana da P\u00e1tria, Doador  Pel\u00e1gio de Paula; Fundo Maria Em\u00edlia de Paula Gusm\u00e3o; <\/p>\n","protected":false},"excerpt":{"rendered":"<p>Semana da P\u00e1tria, Doador Pel\u00e1gio de Paula; Fundo Maria Em\u00edlia de Paula Gusm\u00e3o;<\/p>\n","protected":false},"featured_media":34444,"comment_status":"open","ping_status":"closed","template":"","meta":{"_acf_changed":false},"product_cat":[82],"product_tag":[],"class_list":["post-34445","product","type-product","status-publish","has-post-thumbnail","hentry","product_cat-fundo-maria-emilia-de-paula-gusmao"],"acf":[],"_links":{"self":[{"href":"https:\/\/www.museuhistoricosl.com.br\/loja\/wp-json\/wp\/v2\/product\/34445","targetHints":{"allow":["GET"]}}],"collection":[{"href":"https:\/\/www.museuhistoricosl.com.br\/loja\/wp-json\/wp\/v2\/product"}],"about":[{"href":"https:\/\/www.museuhistoricosl.com.br\/loja\/wp-json\/wp\/v2\/types\/product"}],"replies":[{"embeddable":true,"href":"https:\/\/www.museuhistoricosl.com.br\/loja\/wp-json\/wp\/v2\/comments?post=34445"}],"wp:featuredmedia":[{"embeddable":true,"href":"https:\/\/www.museuhistoricosl.com.br\/loja\/wp-json\/wp\/v2\/media\/34444"}],"wp:attachment":[{"href":"https:\/\/www.museuhistoricosl.com.br\/loja\/wp-json\/wp\/v2\/media?parent=34445"}],"wp:term":[{"taxonomy":"product_cat","embeddable":true,"href":"https:\/\/www.museuhistoricosl.com.br\/loja\/wp-json\/wp\/v2\/product_cat?post=34445"},{"taxonomy":"product_tag","embeddable":true,"href":"https:\/\/www.museuhistoricosl.com.br\/loja\/wp-json\/wp\/v2\/product_tag?post=34445"}],"curies":[{"name":"wp","href":"https:\/\/api.w.org\/{rel}","templated":true}]}}