{"id":3440,"date":"2021-12-16T14:02:13","date_gmt":"2021-12-16T17:02:13","guid":{"rendered":"https:\/\/www.museuhistoricosl.com.br\/novosite\/produto\/sl024-fd-0072\/"},"modified":"2021-12-16T14:02:13","modified_gmt":"2021-12-16T17:02:13","slug":"sl024-fd-0072","status":"publish","type":"product","link":"https:\/\/www.museuhistoricosl.com.br\/loja\/produto\/sl024-fd-0072\/","title":{"rendered":"SL024-FD-0072"},"content":{"rendered":"<p>Igreja de Cristo, Sr. F.Leopoldo Dexheimer, Estrella de Telmo Dexheimer, S\u00e3o Leopoldo, 06\/12\/1911, Prezado Amigo e Afilhada, Recebi a tua carta e mandei publicar, porem a carta veio muito tarde. Desejamos muitas felicidades  desejo sa\u00fade a vossa  querida filhinha. Muitas lembran\u00e7as a todos de seu Padrinho e Familha, Sauda\u00e7oes, Dexheimer, 08\/01\/1901; Comunidade Evang\u00e9lica Luterana em S\u00e3o Leopoldo; <\/p>\n","protected":false},"excerpt":{"rendered":"<p>Igreja de Cristo, Sr. F.Leopoldo Dexheimer, Estrella de Telmo Dexheimer, S\u00e3o Leopoldo, 06\/12\/1911, Prezado Amigo e Afilhada, Recebi a tua<\/p>\n","protected":false},"featured_media":3439,"comment_status":"open","ping_status":"closed","template":"","meta":{"_acf_changed":false},"product_cat":[36],"product_tag":[],"class_list":["post-3440","product","type-product","status-publish","has-post-thumbnail","hentry","product_cat-comunidade-evangelica-luterana-em-sao-leopoldo"],"acf":[],"_links":{"self":[{"href":"https:\/\/www.museuhistoricosl.com.br\/loja\/wp-json\/wp\/v2\/product\/3440","targetHints":{"allow":["GET"]}}],"collection":[{"href":"https:\/\/www.museuhistoricosl.com.br\/loja\/wp-json\/wp\/v2\/product"}],"about":[{"href":"https:\/\/www.museuhistoricosl.com.br\/loja\/wp-json\/wp\/v2\/types\/product"}],"replies":[{"embeddable":true,"href":"https:\/\/www.museuhistoricosl.com.br\/loja\/wp-json\/wp\/v2\/comments?post=3440"}],"wp:featuredmedia":[{"embeddable":true,"href":"https:\/\/www.museuhistoricosl.com.br\/loja\/wp-json\/wp\/v2\/media\/3439"}],"wp:attachment":[{"href":"https:\/\/www.museuhistoricosl.com.br\/loja\/wp-json\/wp\/v2\/media?parent=3440"}],"wp:term":[{"taxonomy":"product_cat","embeddable":true,"href":"https:\/\/www.museuhistoricosl.com.br\/loja\/wp-json\/wp\/v2\/product_cat?post=3440"},{"taxonomy":"product_tag","embeddable":true,"href":"https:\/\/www.museuhistoricosl.com.br\/loja\/wp-json\/wp\/v2\/product_tag?post=3440"}],"curies":[{"name":"wp","href":"https:\/\/api.w.org\/{rel}","templated":true}]}}