{"id":34347,"date":"2022-01-12T09:41:01","date_gmt":"2022-01-12T12:41:01","guid":{"rendered":"https:\/\/www.museuhistoricosl.com.br\/loja\/produto\/xmepg-fd-0013\/"},"modified":"2022-01-12T09:41:01","modified_gmt":"2022-01-12T12:41:01","slug":"xmepg-fd-0013","status":"publish","type":"product","link":"https:\/\/www.museuhistoricosl.com.br\/loja\/produto\/xmepg-fd-0013\/","title":{"rendered":"XMEPG-FD-0013"},"content":{"rendered":"<p>Doador: Pel\u00e1gio de Paula; Fundo Maria Em\u00edlia de Paula Gusm\u00e3o; <\/p>\n","protected":false},"excerpt":{"rendered":"<p>Doador: Pel\u00e1gio de Paula; Fundo Maria Em\u00edlia de Paula Gusm\u00e3o;<\/p>\n","protected":false},"featured_media":34346,"comment_status":"open","ping_status":"closed","template":"","meta":{"_acf_changed":false},"product_cat":[82],"product_tag":[],"class_list":["post-34347","product","type-product","status-publish","has-post-thumbnail","hentry","product_cat-fundo-maria-emilia-de-paula-gusmao"],"acf":[],"_links":{"self":[{"href":"https:\/\/www.museuhistoricosl.com.br\/loja\/wp-json\/wp\/v2\/product\/34347","targetHints":{"allow":["GET"]}}],"collection":[{"href":"https:\/\/www.museuhistoricosl.com.br\/loja\/wp-json\/wp\/v2\/product"}],"about":[{"href":"https:\/\/www.museuhistoricosl.com.br\/loja\/wp-json\/wp\/v2\/types\/product"}],"replies":[{"embeddable":true,"href":"https:\/\/www.museuhistoricosl.com.br\/loja\/wp-json\/wp\/v2\/comments?post=34347"}],"wp:featuredmedia":[{"embeddable":true,"href":"https:\/\/www.museuhistoricosl.com.br\/loja\/wp-json\/wp\/v2\/media\/34346"}],"wp:attachment":[{"href":"https:\/\/www.museuhistoricosl.com.br\/loja\/wp-json\/wp\/v2\/media?parent=34347"}],"wp:term":[{"taxonomy":"product_cat","embeddable":true,"href":"https:\/\/www.museuhistoricosl.com.br\/loja\/wp-json\/wp\/v2\/product_cat?post=34347"},{"taxonomy":"product_tag","embeddable":true,"href":"https:\/\/www.museuhistoricosl.com.br\/loja\/wp-json\/wp\/v2\/product_tag?post=34347"}],"curies":[{"name":"wp","href":"https:\/\/api.w.org\/{rel}","templated":true}]}}