{"id":34333,"date":"2022-01-12T09:40:56","date_gmt":"2022-01-12T12:40:56","guid":{"rendered":"https:\/\/www.museuhistoricosl.com.br\/loja\/produto\/xmepg-fd-0006\/"},"modified":"2022-01-12T09:40:56","modified_gmt":"2022-01-12T12:40:56","slug":"xmepg-fd-0006","status":"publish","type":"product","link":"https:\/\/www.museuhistoricosl.com.br\/loja\/produto\/xmepg-fd-0006\/","title":{"rendered":"XMEPG-FD-0006"},"content":{"rendered":"<p>Visita do governador do Rio grande do Sul Leonel de Moura Brizola \u00e0 S\u00e3o Leopoldo. Da esquerda para a direita: a terceira \u00e9 Maria Em\u00edlia de Paula, ex-vereadora e ex-prefeita de S\u00e3o Leopoldo; ao seu lado (quarta e quinto), est\u00e1 Neuza Goulart (esposa de Leonel Brizola) e Leonel Brizola. Foto doada por Pel\u00e1gio de Paula. &#8211; C\u00f3digo anterior de cat\u00e1logo:FD 59-6; Fundo Maria Em\u00edlia de Paula Gusm\u00e3o; Ajustar arquivo no D<\/p>\n","protected":false},"excerpt":{"rendered":"<p>Visita do governador do Rio grande do Sul Leonel de Moura Brizola \u00e0 S\u00e3o Leopoldo. Da esquerda para a direita:<\/p>\n","protected":false},"featured_media":34332,"comment_status":"open","ping_status":"closed","template":"","meta":{"_acf_changed":false},"product_cat":[82],"product_tag":[],"class_list":["post-34333","product","type-product","status-publish","has-post-thumbnail","hentry","product_cat-fundo-maria-emilia-de-paula-gusmao"],"acf":[],"_links":{"self":[{"href":"https:\/\/www.museuhistoricosl.com.br\/loja\/wp-json\/wp\/v2\/product\/34333","targetHints":{"allow":["GET"]}}],"collection":[{"href":"https:\/\/www.museuhistoricosl.com.br\/loja\/wp-json\/wp\/v2\/product"}],"about":[{"href":"https:\/\/www.museuhistoricosl.com.br\/loja\/wp-json\/wp\/v2\/types\/product"}],"replies":[{"embeddable":true,"href":"https:\/\/www.museuhistoricosl.com.br\/loja\/wp-json\/wp\/v2\/comments?post=34333"}],"wp:featuredmedia":[{"embeddable":true,"href":"https:\/\/www.museuhistoricosl.com.br\/loja\/wp-json\/wp\/v2\/media\/34332"}],"wp:attachment":[{"href":"https:\/\/www.museuhistoricosl.com.br\/loja\/wp-json\/wp\/v2\/media?parent=34333"}],"wp:term":[{"taxonomy":"product_cat","embeddable":true,"href":"https:\/\/www.museuhistoricosl.com.br\/loja\/wp-json\/wp\/v2\/product_cat?post=34333"},{"taxonomy":"product_tag","embeddable":true,"href":"https:\/\/www.museuhistoricosl.com.br\/loja\/wp-json\/wp\/v2\/product_tag?post=34333"}],"curies":[{"name":"wp","href":"https:\/\/api.w.org\/{rel}","templated":true}]}}