{"id":3432,"date":"2021-12-16T14:02:12","date_gmt":"2021-12-16T17:02:12","guid":{"rendered":"https:\/\/www.museuhistoricosl.com.br\/novosite\/produto\/sl024-fd-0068\/"},"modified":"2021-12-16T14:02:12","modified_gmt":"2021-12-16T17:02:12","slug":"sl024-fd-0068","status":"publish","type":"product","link":"https:\/\/www.museuhistoricosl.com.br\/loja\/produto\/sl024-fd-0068\/","title":{"rendered":"SL024-FD-0068"},"content":{"rendered":"<p>sem informa\u00e7\u00f5es; Comunidade Evang\u00e9lica Luterana em S\u00e3o Leopoldo; <\/p>\n","protected":false},"excerpt":{"rendered":"<p>sem informa\u00e7\u00f5es; Comunidade Evang\u00e9lica Luterana em S\u00e3o Leopoldo;<\/p>\n","protected":false},"featured_media":3431,"comment_status":"open","ping_status":"closed","template":"","meta":{"_acf_changed":false},"product_cat":[36],"product_tag":[],"class_list":["post-3432","product","type-product","status-publish","has-post-thumbnail","hentry","product_cat-comunidade-evangelica-luterana-em-sao-leopoldo"],"acf":[],"_links":{"self":[{"href":"https:\/\/www.museuhistoricosl.com.br\/loja\/wp-json\/wp\/v2\/product\/3432","targetHints":{"allow":["GET"]}}],"collection":[{"href":"https:\/\/www.museuhistoricosl.com.br\/loja\/wp-json\/wp\/v2\/product"}],"about":[{"href":"https:\/\/www.museuhistoricosl.com.br\/loja\/wp-json\/wp\/v2\/types\/product"}],"replies":[{"embeddable":true,"href":"https:\/\/www.museuhistoricosl.com.br\/loja\/wp-json\/wp\/v2\/comments?post=3432"}],"wp:featuredmedia":[{"embeddable":true,"href":"https:\/\/www.museuhistoricosl.com.br\/loja\/wp-json\/wp\/v2\/media\/3431"}],"wp:attachment":[{"href":"https:\/\/www.museuhistoricosl.com.br\/loja\/wp-json\/wp\/v2\/media?parent=3432"}],"wp:term":[{"taxonomy":"product_cat","embeddable":true,"href":"https:\/\/www.museuhistoricosl.com.br\/loja\/wp-json\/wp\/v2\/product_cat?post=3432"},{"taxonomy":"product_tag","embeddable":true,"href":"https:\/\/www.museuhistoricosl.com.br\/loja\/wp-json\/wp\/v2\/product_tag?post=3432"}],"curies":[{"name":"wp","href":"https:\/\/api.w.org\/{rel}","templated":true}]}}