{"id":34318,"date":"2022-01-12T09:26:04","date_gmt":"2022-01-12T12:26:04","guid":{"rendered":"https:\/\/www.museuhistoricosl.com.br\/loja\/produto\/xlbco-fd-0017\/"},"modified":"2022-01-12T09:26:04","modified_gmt":"2022-01-12T12:26:04","slug":"xlbco-fd-0017","status":"publish","type":"product","link":"https:\/\/www.museuhistoricosl.com.br\/loja\/produto\/xlbco-fd-0017\/","title":{"rendered":"XLBCO-FD-0017"},"content":{"rendered":"<p>N\u00e3o h\u00e1 descri\u00e7\u00e3o no verso. &#8211; C\u00f3digo anterior de cat\u00e1logo:FD Banquete SL Foto Jantar L. Collor, a; Fundo Lindolfo Collor; <\/p>\n","protected":false},"excerpt":{"rendered":"<p>N\u00e3o h\u00e1 descri\u00e7\u00e3o no verso. &#8211; C\u00f3digo anterior de cat\u00e1logo:FD Banquete SL Foto Jantar L. Collor, a; Fundo Lindolfo Collor;<\/p>\n","protected":false},"featured_media":34317,"comment_status":"open","ping_status":"closed","template":"","meta":{"_acf_changed":false},"product_cat":[81],"product_tag":[],"class_list":["post-34318","product","type-product","status-publish","has-post-thumbnail","hentry","product_cat-fundo-lindolfo-collor"],"acf":[],"_links":{"self":[{"href":"https:\/\/www.museuhistoricosl.com.br\/loja\/wp-json\/wp\/v2\/product\/34318","targetHints":{"allow":["GET"]}}],"collection":[{"href":"https:\/\/www.museuhistoricosl.com.br\/loja\/wp-json\/wp\/v2\/product"}],"about":[{"href":"https:\/\/www.museuhistoricosl.com.br\/loja\/wp-json\/wp\/v2\/types\/product"}],"replies":[{"embeddable":true,"href":"https:\/\/www.museuhistoricosl.com.br\/loja\/wp-json\/wp\/v2\/comments?post=34318"}],"wp:featuredmedia":[{"embeddable":true,"href":"https:\/\/www.museuhistoricosl.com.br\/loja\/wp-json\/wp\/v2\/media\/34317"}],"wp:attachment":[{"href":"https:\/\/www.museuhistoricosl.com.br\/loja\/wp-json\/wp\/v2\/media?parent=34318"}],"wp:term":[{"taxonomy":"product_cat","embeddable":true,"href":"https:\/\/www.museuhistoricosl.com.br\/loja\/wp-json\/wp\/v2\/product_cat?post=34318"},{"taxonomy":"product_tag","embeddable":true,"href":"https:\/\/www.museuhistoricosl.com.br\/loja\/wp-json\/wp\/v2\/product_tag?post=34318"}],"curies":[{"name":"wp","href":"https:\/\/api.w.org\/{rel}","templated":true}]}}