{"id":34314,"date":"2022-01-12T09:26:03","date_gmt":"2022-01-12T12:26:03","guid":{"rendered":"https:\/\/www.museuhistoricosl.com.br\/loja\/produto\/xlbco-fd-0015\/"},"modified":"2022-01-12T09:26:03","modified_gmt":"2022-01-12T12:26:03","slug":"xlbco-fd-0015","status":"publish","type":"product","link":"https:\/\/www.museuhistoricosl.com.br\/loja\/produto\/xlbco-fd-0015\/","title":{"rendered":"XLBCO-FD-0015"},"content":{"rendered":"<p>Foto do casamento do Herminia Sanches de Souza e Silva e Lindonfo Leopoldo Boecker Collor, cerim\u00f4nia realizada em 19 de fevereiro de 1914, no rio de Janeiro, Doa\u00e7\u00e3o: Paulo Scherer e Pedro Scherer &#8211; C\u00f3digo anterior de cat\u00e1logo:XLBCO-FD-FD-0015; Fundo Lindolfo Collor; <\/p>\n","protected":false},"excerpt":{"rendered":"<p>Foto do casamento do Herminia Sanches de Souza e Silva e Lindonfo Leopoldo Boecker Collor, cerim\u00f4nia realizada em 19 de<\/p>\n","protected":false},"featured_media":34313,"comment_status":"open","ping_status":"closed","template":"","meta":{"_acf_changed":false},"product_cat":[81],"product_tag":[],"class_list":["post-34314","product","type-product","status-publish","has-post-thumbnail","hentry","product_cat-fundo-lindolfo-collor"],"acf":[],"_links":{"self":[{"href":"https:\/\/www.museuhistoricosl.com.br\/loja\/wp-json\/wp\/v2\/product\/34314","targetHints":{"allow":["GET"]}}],"collection":[{"href":"https:\/\/www.museuhistoricosl.com.br\/loja\/wp-json\/wp\/v2\/product"}],"about":[{"href":"https:\/\/www.museuhistoricosl.com.br\/loja\/wp-json\/wp\/v2\/types\/product"}],"replies":[{"embeddable":true,"href":"https:\/\/www.museuhistoricosl.com.br\/loja\/wp-json\/wp\/v2\/comments?post=34314"}],"wp:featuredmedia":[{"embeddable":true,"href":"https:\/\/www.museuhistoricosl.com.br\/loja\/wp-json\/wp\/v2\/media\/34313"}],"wp:attachment":[{"href":"https:\/\/www.museuhistoricosl.com.br\/loja\/wp-json\/wp\/v2\/media?parent=34314"}],"wp:term":[{"taxonomy":"product_cat","embeddable":true,"href":"https:\/\/www.museuhistoricosl.com.br\/loja\/wp-json\/wp\/v2\/product_cat?post=34314"},{"taxonomy":"product_tag","embeddable":true,"href":"https:\/\/www.museuhistoricosl.com.br\/loja\/wp-json\/wp\/v2\/product_tag?post=34314"}],"curies":[{"name":"wp","href":"https:\/\/api.w.org\/{rel}","templated":true}]}}