{"id":34294,"date":"2022-01-12T09:25:55","date_gmt":"2022-01-12T12:25:55","guid":{"rendered":"https:\/\/www.museuhistoricosl.com.br\/loja\/produto\/xlbco-fd-0005\/"},"modified":"2022-01-12T09:25:55","modified_gmt":"2022-01-12T12:25:55","slug":"xlbco-fd-0005","status":"publish","type":"product","link":"https:\/\/www.museuhistoricosl.com.br\/loja\/produto\/xlbco-fd-0005\/","title":{"rendered":"XLBCO-FD-0005"},"content":{"rendered":"<p>Lan\u00e7amento do selo &#8220;Centen\u00e1rio de Lindolfo Collor&#8221;. Sal\u00e3o Nobre, PM, S\u00e3o Leopoldo, 05\/03\/1990, Mesa oficial da esq. Para dir.: Lygia Collor Jobim (filha), Joel Rauber, Pres. Empresa Brasileira de Correios Dep. Arnaldo Prieto, PFL, S\u00e3o Leopoldo, Olimpio S\u00e9rgio Albrecht, Prefeito Municipal, Cel. Waldir Wasenkesky, Chefe da Casa Militar do Gov. do Estado, repr. do Governador Pedro Simon, Nelson Fritsch, Pres. C\u00e2mara Vereador, SL, Leda Collor de Mello &#8211; C\u00f3digo anterior de cat\u00e1logo:XLBCO-FD-FD-0005; Fundo Lindolfo Collor; <\/p>\n","protected":false},"excerpt":{"rendered":"<p>Lan\u00e7amento do selo &#8220;Centen\u00e1rio de Lindolfo Collor&#8221;. Sal\u00e3o Nobre, PM, S\u00e3o Leopoldo, 05\/03\/1990, Mesa oficial da esq. Para dir.: Lygia<\/p>\n","protected":false},"featured_media":34293,"comment_status":"open","ping_status":"closed","template":"","meta":{"_acf_changed":false},"product_cat":[81],"product_tag":[],"class_list":["post-34294","product","type-product","status-publish","has-post-thumbnail","hentry","product_cat-fundo-lindolfo-collor"],"acf":[],"_links":{"self":[{"href":"https:\/\/www.museuhistoricosl.com.br\/loja\/wp-json\/wp\/v2\/product\/34294","targetHints":{"allow":["GET"]}}],"collection":[{"href":"https:\/\/www.museuhistoricosl.com.br\/loja\/wp-json\/wp\/v2\/product"}],"about":[{"href":"https:\/\/www.museuhistoricosl.com.br\/loja\/wp-json\/wp\/v2\/types\/product"}],"replies":[{"embeddable":true,"href":"https:\/\/www.museuhistoricosl.com.br\/loja\/wp-json\/wp\/v2\/comments?post=34294"}],"wp:featuredmedia":[{"embeddable":true,"href":"https:\/\/www.museuhistoricosl.com.br\/loja\/wp-json\/wp\/v2\/media\/34293"}],"wp:attachment":[{"href":"https:\/\/www.museuhistoricosl.com.br\/loja\/wp-json\/wp\/v2\/media?parent=34294"}],"wp:term":[{"taxonomy":"product_cat","embeddable":true,"href":"https:\/\/www.museuhistoricosl.com.br\/loja\/wp-json\/wp\/v2\/product_cat?post=34294"},{"taxonomy":"product_tag","embeddable":true,"href":"https:\/\/www.museuhistoricosl.com.br\/loja\/wp-json\/wp\/v2\/product_tag?post=34294"}],"curies":[{"name":"wp","href":"https:\/\/api.w.org\/{rel}","templated":true}]}}