{"id":34292,"date":"2022-01-12T09:25:54","date_gmt":"2022-01-12T12:25:54","guid":{"rendered":"https:\/\/www.museuhistoricosl.com.br\/loja\/produto\/xlbco-fd-0004\/"},"modified":"2022-01-12T09:25:54","modified_gmt":"2022-01-12T12:25:54","slug":"xlbco-fd-0004","status":"publish","type":"product","link":"https:\/\/www.museuhistoricosl.com.br\/loja\/produto\/xlbco-fd-0004\/","title":{"rendered":"XLBCO-FD-0004"},"content":{"rendered":"<p>Joel Rauber, Leda Collor de Mello, Arnaldo Prieto: Dona Leda mostra o cart\u00e3o com o selo que ela acabou de carimbar &#8211; C\u00f3digo anterior de cat\u00e1logo:XLBCO-FD-FD-0004; Fundo Lindolfo Collor; <\/p>\n","protected":false},"excerpt":{"rendered":"<p>Joel Rauber, Leda Collor de Mello, Arnaldo Prieto: Dona Leda mostra o cart\u00e3o com o selo que ela acabou de<\/p>\n","protected":false},"featured_media":34291,"comment_status":"open","ping_status":"closed","template":"","meta":{"_acf_changed":false},"product_cat":[81],"product_tag":[],"class_list":["post-34292","product","type-product","status-publish","has-post-thumbnail","hentry","product_cat-fundo-lindolfo-collor"],"acf":[],"_links":{"self":[{"href":"https:\/\/www.museuhistoricosl.com.br\/loja\/wp-json\/wp\/v2\/product\/34292","targetHints":{"allow":["GET"]}}],"collection":[{"href":"https:\/\/www.museuhistoricosl.com.br\/loja\/wp-json\/wp\/v2\/product"}],"about":[{"href":"https:\/\/www.museuhistoricosl.com.br\/loja\/wp-json\/wp\/v2\/types\/product"}],"replies":[{"embeddable":true,"href":"https:\/\/www.museuhistoricosl.com.br\/loja\/wp-json\/wp\/v2\/comments?post=34292"}],"wp:featuredmedia":[{"embeddable":true,"href":"https:\/\/www.museuhistoricosl.com.br\/loja\/wp-json\/wp\/v2\/media\/34291"}],"wp:attachment":[{"href":"https:\/\/www.museuhistoricosl.com.br\/loja\/wp-json\/wp\/v2\/media?parent=34292"}],"wp:term":[{"taxonomy":"product_cat","embeddable":true,"href":"https:\/\/www.museuhistoricosl.com.br\/loja\/wp-json\/wp\/v2\/product_cat?post=34292"},{"taxonomy":"product_tag","embeddable":true,"href":"https:\/\/www.museuhistoricosl.com.br\/loja\/wp-json\/wp\/v2\/product_tag?post=34292"}],"curies":[{"name":"wp","href":"https:\/\/api.w.org\/{rel}","templated":true}]}}