{"id":34129,"date":"2022-01-12T09:16:55","date_gmt":"2022-01-12T12:16:55","guid":{"rendered":"https:\/\/www.museuhistoricosl.com.br\/loja\/produto\/xjesu-fd-0014\/"},"modified":"2022-01-12T09:16:55","modified_gmt":"2022-01-12T12:16:55","slug":"xjesu-fd-0014","status":"publish","type":"product","link":"https:\/\/www.museuhistoricosl.com.br\/loja\/produto\/xjesu-fd-0014\/","title":{"rendered":"XJESU-FD-0014"},"content":{"rendered":"<p>Sem identifica\u00e7\u00e3o &#8211; C\u00f3digo anterior de cat\u00e1logo:FD JES-14; Fundo Jesu\u00edtas; <\/p>\n","protected":false},"excerpt":{"rendered":"<p>Sem identifica\u00e7\u00e3o &#8211; C\u00f3digo anterior de cat\u00e1logo:FD JES-14; Fundo Jesu\u00edtas;<\/p>\n","protected":false},"featured_media":34128,"comment_status":"open","ping_status":"closed","template":"","meta":{"_acf_changed":false},"product_cat":[80],"product_tag":[],"class_list":["post-34129","product","type-product","status-publish","has-post-thumbnail","hentry","product_cat-fundo-jesuitas"],"acf":[],"_links":{"self":[{"href":"https:\/\/www.museuhistoricosl.com.br\/loja\/wp-json\/wp\/v2\/product\/34129","targetHints":{"allow":["GET"]}}],"collection":[{"href":"https:\/\/www.museuhistoricosl.com.br\/loja\/wp-json\/wp\/v2\/product"}],"about":[{"href":"https:\/\/www.museuhistoricosl.com.br\/loja\/wp-json\/wp\/v2\/types\/product"}],"replies":[{"embeddable":true,"href":"https:\/\/www.museuhistoricosl.com.br\/loja\/wp-json\/wp\/v2\/comments?post=34129"}],"wp:featuredmedia":[{"embeddable":true,"href":"https:\/\/www.museuhistoricosl.com.br\/loja\/wp-json\/wp\/v2\/media\/34128"}],"wp:attachment":[{"href":"https:\/\/www.museuhistoricosl.com.br\/loja\/wp-json\/wp\/v2\/media?parent=34129"}],"wp:term":[{"taxonomy":"product_cat","embeddable":true,"href":"https:\/\/www.museuhistoricosl.com.br\/loja\/wp-json\/wp\/v2\/product_cat?post=34129"},{"taxonomy":"product_tag","embeddable":true,"href":"https:\/\/www.museuhistoricosl.com.br\/loja\/wp-json\/wp\/v2\/product_tag?post=34129"}],"curies":[{"name":"wp","href":"https:\/\/api.w.org\/{rel}","templated":true}]}}