{"id":34010,"date":"2022-01-12T09:10:45","date_gmt":"2022-01-12T12:10:45","guid":{"rendered":"https:\/\/www.museuhistoricosl.com.br\/loja\/produto\/xggne-fd-0004\/"},"modified":"2022-01-12T09:10:45","modified_gmt":"2022-01-12T12:10:45","slug":"xggne-fd-0004","status":"publish","type":"product","link":"https:\/\/www.museuhistoricosl.com.br\/loja\/produto\/xggne-fd-0004\/","title":{"rendered":"XGGNE-FD-0004"},"content":{"rendered":"<p>Manobras militares do Ex\u00e9rcito em S\u00e3o Leopoldo, realizadas em S\u00e3o Leopoldo 3 anos seguidos. &#8211; C\u00f3digo anterior de cat\u00e1logo:XGGNE &#8211; FD &#8211; 0004; Fundo Guilherme Gaelzer Neto; <\/p>\n","protected":false},"excerpt":{"rendered":"<p>Manobras militares do Ex\u00e9rcito em S\u00e3o Leopoldo, realizadas em S\u00e3o Leopoldo 3 anos seguidos. &#8211; C\u00f3digo anterior de cat\u00e1logo:XGGNE &#8211;<\/p>\n","protected":false},"featured_media":34009,"comment_status":"open","ping_status":"closed","template":"","meta":{"_acf_changed":false},"product_cat":[79],"product_tag":[],"class_list":["post-34010","product","type-product","status-publish","has-post-thumbnail","hentry","product_cat-fundo-guilherme-gaelzer-neto"],"acf":[],"_links":{"self":[{"href":"https:\/\/www.museuhistoricosl.com.br\/loja\/wp-json\/wp\/v2\/product\/34010","targetHints":{"allow":["GET"]}}],"collection":[{"href":"https:\/\/www.museuhistoricosl.com.br\/loja\/wp-json\/wp\/v2\/product"}],"about":[{"href":"https:\/\/www.museuhistoricosl.com.br\/loja\/wp-json\/wp\/v2\/types\/product"}],"replies":[{"embeddable":true,"href":"https:\/\/www.museuhistoricosl.com.br\/loja\/wp-json\/wp\/v2\/comments?post=34010"}],"wp:featuredmedia":[{"embeddable":true,"href":"https:\/\/www.museuhistoricosl.com.br\/loja\/wp-json\/wp\/v2\/media\/34009"}],"wp:attachment":[{"href":"https:\/\/www.museuhistoricosl.com.br\/loja\/wp-json\/wp\/v2\/media?parent=34010"}],"wp:term":[{"taxonomy":"product_cat","embeddable":true,"href":"https:\/\/www.museuhistoricosl.com.br\/loja\/wp-json\/wp\/v2\/product_cat?post=34010"},{"taxonomy":"product_tag","embeddable":true,"href":"https:\/\/www.museuhistoricosl.com.br\/loja\/wp-json\/wp\/v2\/product_tag?post=34010"}],"curies":[{"name":"wp","href":"https:\/\/api.w.org\/{rel}","templated":true}]}}