{"id":34008,"date":"2022-01-12T09:10:44","date_gmt":"2022-01-12T12:10:44","guid":{"rendered":"https:\/\/www.museuhistoricosl.com.br\/loja\/produto\/xggne-fd-0003\/"},"modified":"2022-01-12T09:10:44","modified_gmt":"2022-01-12T12:10:44","slug":"xggne-fd-0003","status":"publish","type":"product","link":"https:\/\/www.museuhistoricosl.com.br\/loja\/produto\/xggne-fd-0003\/","title":{"rendered":"XGGNE-FD-0003"},"content":{"rendered":"<p>Banquete ap\u00f3s manobras do Ex\u00e9rcito no Clube Orpheu em S\u00e3o Leopoldo &#8211; C\u00f3digo anterior de cat\u00e1logo:XGGNE &#8211; FD &#8211; 0003; Fundo Guilherme Gaelzer Neto; <\/p>\n","protected":false},"excerpt":{"rendered":"<p>Banquete ap\u00f3s manobras do Ex\u00e9rcito no Clube Orpheu em S\u00e3o Leopoldo &#8211; C\u00f3digo anterior de cat\u00e1logo:XGGNE &#8211; FD &#8211; 0003;<\/p>\n","protected":false},"featured_media":34007,"comment_status":"open","ping_status":"closed","template":"","meta":{"_acf_changed":false},"product_cat":[79],"product_tag":[],"class_list":["post-34008","product","type-product","status-publish","has-post-thumbnail","hentry","product_cat-fundo-guilherme-gaelzer-neto"],"acf":[],"_links":{"self":[{"href":"https:\/\/www.museuhistoricosl.com.br\/loja\/wp-json\/wp\/v2\/product\/34008","targetHints":{"allow":["GET"]}}],"collection":[{"href":"https:\/\/www.museuhistoricosl.com.br\/loja\/wp-json\/wp\/v2\/product"}],"about":[{"href":"https:\/\/www.museuhistoricosl.com.br\/loja\/wp-json\/wp\/v2\/types\/product"}],"replies":[{"embeddable":true,"href":"https:\/\/www.museuhistoricosl.com.br\/loja\/wp-json\/wp\/v2\/comments?post=34008"}],"wp:featuredmedia":[{"embeddable":true,"href":"https:\/\/www.museuhistoricosl.com.br\/loja\/wp-json\/wp\/v2\/media\/34007"}],"wp:attachment":[{"href":"https:\/\/www.museuhistoricosl.com.br\/loja\/wp-json\/wp\/v2\/media?parent=34008"}],"wp:term":[{"taxonomy":"product_cat","embeddable":true,"href":"https:\/\/www.museuhistoricosl.com.br\/loja\/wp-json\/wp\/v2\/product_cat?post=34008"},{"taxonomy":"product_tag","embeddable":true,"href":"https:\/\/www.museuhistoricosl.com.br\/loja\/wp-json\/wp\/v2\/product_tag?post=34008"}],"curies":[{"name":"wp","href":"https:\/\/api.w.org\/{rel}","templated":true}]}}