{"id":34006,"date":"2022-01-12T09:10:43","date_gmt":"2022-01-12T12:10:43","guid":{"rendered":"https:\/\/www.museuhistoricosl.com.br\/loja\/produto\/xggne-fd-0002\/"},"modified":"2022-01-12T09:10:43","modified_gmt":"2022-01-12T12:10:43","slug":"xggne-fd-0002","status":"publish","type":"product","link":"https:\/\/www.museuhistoricosl.com.br\/loja\/produto\/xggne-fd-0002\/","title":{"rendered":"XGGNE-FD-0002"},"content":{"rendered":"<p>Banquete comemorativo ao final das manobras do Ex\u00e9rcito em S\u00e3o Leopoldo &#8211; C\u00f3digo anterior de cat\u00e1logo:XGGNE &#8211; FD &#8211; 0002; Fundo Guilherme Gaelzer Neto; <\/p>\n","protected":false},"excerpt":{"rendered":"<p>Banquete comemorativo ao final das manobras do Ex\u00e9rcito em S\u00e3o Leopoldo &#8211; C\u00f3digo anterior de cat\u00e1logo:XGGNE &#8211; FD &#8211; 0002;<\/p>\n","protected":false},"featured_media":34005,"comment_status":"open","ping_status":"closed","template":"","meta":{"_acf_changed":false},"product_cat":[79],"product_tag":[],"class_list":["post-34006","product","type-product","status-publish","has-post-thumbnail","hentry","product_cat-fundo-guilherme-gaelzer-neto"],"acf":[],"_links":{"self":[{"href":"https:\/\/www.museuhistoricosl.com.br\/loja\/wp-json\/wp\/v2\/product\/34006","targetHints":{"allow":["GET"]}}],"collection":[{"href":"https:\/\/www.museuhistoricosl.com.br\/loja\/wp-json\/wp\/v2\/product"}],"about":[{"href":"https:\/\/www.museuhistoricosl.com.br\/loja\/wp-json\/wp\/v2\/types\/product"}],"replies":[{"embeddable":true,"href":"https:\/\/www.museuhistoricosl.com.br\/loja\/wp-json\/wp\/v2\/comments?post=34006"}],"wp:featuredmedia":[{"embeddable":true,"href":"https:\/\/www.museuhistoricosl.com.br\/loja\/wp-json\/wp\/v2\/media\/34005"}],"wp:attachment":[{"href":"https:\/\/www.museuhistoricosl.com.br\/loja\/wp-json\/wp\/v2\/media?parent=34006"}],"wp:term":[{"taxonomy":"product_cat","embeddable":true,"href":"https:\/\/www.museuhistoricosl.com.br\/loja\/wp-json\/wp\/v2\/product_cat?post=34006"},{"taxonomy":"product_tag","embeddable":true,"href":"https:\/\/www.museuhistoricosl.com.br\/loja\/wp-json\/wp\/v2\/product_tag?post=34006"}],"curies":[{"name":"wp","href":"https:\/\/api.w.org\/{rel}","templated":true}]}}