{"id":3388,"date":"2021-12-16T14:02:04","date_gmt":"2021-12-16T17:02:04","guid":{"rendered":"https:\/\/www.museuhistoricosl.com.br\/novosite\/produto\/sl024-fd-0046\/"},"modified":"2021-12-16T14:02:04","modified_gmt":"2021-12-16T17:02:04","slug":"sl024-fd-0046","status":"publish","type":"product","link":"https:\/\/www.museuhistoricosl.com.br\/loja\/produto\/sl024-fd-0046\/","title":{"rendered":"SL024-FD-0046"},"content":{"rendered":"<p>Escola da Comunidade Evang\u00e9lica de S\u00e3o Leopoldo. \u00c0 esquerda: Pastor Lindemann e Dr. Arthur Ebling. Ida Haertel, IlseRotermund (filha do pastor Wilhelm Rotermund), Tony Wolfenb\u00fcttel, Edith Lang (Santos). &#8211; C\u00f3digo anterior de cat\u00e1logo:FD 24,46; Comunidade Evang\u00e9lica Luterana em S\u00e3o Leopoldo; <\/p>\n","protected":false},"excerpt":{"rendered":"<p>Escola da Comunidade Evang\u00e9lica de S\u00e3o Leopoldo. \u00c0 esquerda: Pastor Lindemann e Dr. Arthur Ebling. Ida Haertel, IlseRotermund (filha do<\/p>\n","protected":false},"featured_media":3387,"comment_status":"open","ping_status":"closed","template":"","meta":{"_acf_changed":false},"product_cat":[36],"product_tag":[],"class_list":["post-3388","product","type-product","status-publish","has-post-thumbnail","hentry","product_cat-comunidade-evangelica-luterana-em-sao-leopoldo"],"acf":[],"_links":{"self":[{"href":"https:\/\/www.museuhistoricosl.com.br\/loja\/wp-json\/wp\/v2\/product\/3388","targetHints":{"allow":["GET"]}}],"collection":[{"href":"https:\/\/www.museuhistoricosl.com.br\/loja\/wp-json\/wp\/v2\/product"}],"about":[{"href":"https:\/\/www.museuhistoricosl.com.br\/loja\/wp-json\/wp\/v2\/types\/product"}],"replies":[{"embeddable":true,"href":"https:\/\/www.museuhistoricosl.com.br\/loja\/wp-json\/wp\/v2\/comments?post=3388"}],"wp:featuredmedia":[{"embeddable":true,"href":"https:\/\/www.museuhistoricosl.com.br\/loja\/wp-json\/wp\/v2\/media\/3387"}],"wp:attachment":[{"href":"https:\/\/www.museuhistoricosl.com.br\/loja\/wp-json\/wp\/v2\/media?parent=3388"}],"wp:term":[{"taxonomy":"product_cat","embeddable":true,"href":"https:\/\/www.museuhistoricosl.com.br\/loja\/wp-json\/wp\/v2\/product_cat?post=3388"},{"taxonomy":"product_tag","embeddable":true,"href":"https:\/\/www.museuhistoricosl.com.br\/loja\/wp-json\/wp\/v2\/product_tag?post=3388"}],"curies":[{"name":"wp","href":"https:\/\/api.w.org\/{rel}","templated":true}]}}