{"id":33866,"date":"2022-01-11T08:30:17","date_gmt":"2022-01-11T11:30:17","guid":{"rendered":"https:\/\/www.museuhistoricosl.com.br\/loja\/produto\/faaax-fd-0906\/"},"modified":"2022-01-11T08:30:17","modified_gmt":"2022-01-11T11:30:17","slug":"faaax-fd-0906","status":"publish","type":"product","link":"https:\/\/www.museuhistoricosl.com.br\/loja\/produto\/faaax-fd-0906\/","title":{"rendered":"FAAAX-FD-0906"},"content":{"rendered":"<p>Mulher n\u00e3o identificada. &#8211; C\u00f3digo anterior de cat\u00e1logo:FD 39.1,106; Fundo Fam\u00edlias Diversas; <\/p>\n","protected":false},"excerpt":{"rendered":"<p>Mulher n\u00e3o identificada. &#8211; C\u00f3digo anterior de cat\u00e1logo:FD 39.1,106; Fundo Fam\u00edlias Diversas;<\/p>\n","protected":false},"featured_media":33865,"comment_status":"open","ping_status":"closed","template":"","meta":{"_acf_changed":false},"product_cat":[78],"product_tag":[],"class_list":["post-33866","product","type-product","status-publish","has-post-thumbnail","hentry","product_cat-fundo-familias-diversas"],"acf":[],"_links":{"self":[{"href":"https:\/\/www.museuhistoricosl.com.br\/loja\/wp-json\/wp\/v2\/product\/33866","targetHints":{"allow":["GET"]}}],"collection":[{"href":"https:\/\/www.museuhistoricosl.com.br\/loja\/wp-json\/wp\/v2\/product"}],"about":[{"href":"https:\/\/www.museuhistoricosl.com.br\/loja\/wp-json\/wp\/v2\/types\/product"}],"replies":[{"embeddable":true,"href":"https:\/\/www.museuhistoricosl.com.br\/loja\/wp-json\/wp\/v2\/comments?post=33866"}],"wp:featuredmedia":[{"embeddable":true,"href":"https:\/\/www.museuhistoricosl.com.br\/loja\/wp-json\/wp\/v2\/media\/33865"}],"wp:attachment":[{"href":"https:\/\/www.museuhistoricosl.com.br\/loja\/wp-json\/wp\/v2\/media?parent=33866"}],"wp:term":[{"taxonomy":"product_cat","embeddable":true,"href":"https:\/\/www.museuhistoricosl.com.br\/loja\/wp-json\/wp\/v2\/product_cat?post=33866"},{"taxonomy":"product_tag","embeddable":true,"href":"https:\/\/www.museuhistoricosl.com.br\/loja\/wp-json\/wp\/v2\/product_tag?post=33866"}],"curies":[{"name":"wp","href":"https:\/\/api.w.org\/{rel}","templated":true}]}}