{"id":33852,"date":"2022-01-11T08:30:10","date_gmt":"2022-01-11T11:30:10","guid":{"rendered":"https:\/\/www.museuhistoricosl.com.br\/loja\/produto\/faaax-fd-0772\/"},"modified":"2022-01-11T08:30:10","modified_gmt":"2022-01-11T11:30:10","slug":"faaax-fd-0772","status":"publish","type":"product","link":"https:\/\/www.museuhistoricosl.com.br\/loja\/produto\/faaax-fd-0772\/","title":{"rendered":"FAAAX-FD-0772"},"content":{"rendered":"<p>Clube de tamborete, Ch\u00e1cara Schmidt. De listrado preto Meta Presser Thiesen &#8211; C\u00f3digo anterior de cat\u00e1logo:FD PRE-2; Fundo Fam\u00edlias Diversas; <\/p>\n","protected":false},"excerpt":{"rendered":"<p>Clube de tamborete, Ch\u00e1cara Schmidt. De listrado preto Meta Presser Thiesen &#8211; C\u00f3digo anterior de cat\u00e1logo:FD PRE-2; Fundo Fam\u00edlias Diversas;<\/p>\n","protected":false},"featured_media":33851,"comment_status":"open","ping_status":"closed","template":"","meta":{"_acf_changed":false},"product_cat":[78],"product_tag":[],"class_list":["post-33852","product","type-product","status-publish","has-post-thumbnail","hentry","product_cat-fundo-familias-diversas"],"acf":[],"_links":{"self":[{"href":"https:\/\/www.museuhistoricosl.com.br\/loja\/wp-json\/wp\/v2\/product\/33852","targetHints":{"allow":["GET"]}}],"collection":[{"href":"https:\/\/www.museuhistoricosl.com.br\/loja\/wp-json\/wp\/v2\/product"}],"about":[{"href":"https:\/\/www.museuhistoricosl.com.br\/loja\/wp-json\/wp\/v2\/types\/product"}],"replies":[{"embeddable":true,"href":"https:\/\/www.museuhistoricosl.com.br\/loja\/wp-json\/wp\/v2\/comments?post=33852"}],"wp:featuredmedia":[{"embeddable":true,"href":"https:\/\/www.museuhistoricosl.com.br\/loja\/wp-json\/wp\/v2\/media\/33851"}],"wp:attachment":[{"href":"https:\/\/www.museuhistoricosl.com.br\/loja\/wp-json\/wp\/v2\/media?parent=33852"}],"wp:term":[{"taxonomy":"product_cat","embeddable":true,"href":"https:\/\/www.museuhistoricosl.com.br\/loja\/wp-json\/wp\/v2\/product_cat?post=33852"},{"taxonomy":"product_tag","embeddable":true,"href":"https:\/\/www.museuhistoricosl.com.br\/loja\/wp-json\/wp\/v2\/product_tag?post=33852"}],"curies":[{"name":"wp","href":"https:\/\/api.w.org\/{rel}","templated":true}]}}