{"id":32906,"date":"2022-01-11T08:22:42","date_gmt":"2022-01-11T11:22:42","guid":{"rendered":"https:\/\/www.museuhistoricosl.com.br\/loja\/produto\/faaax-fd-0013\/"},"modified":"2022-01-11T08:22:42","modified_gmt":"2022-01-11T11:22:42","slug":"faaax-fd-0013","status":"publish","type":"product","link":"https:\/\/www.museuhistoricosl.com.br\/loja\/produto\/faaax-fd-0013\/","title":{"rendered":"FAAAX-FD-0013"},"content":{"rendered":"<p>Em\u00edlio H. Ripp. &#8211; C\u00f3digo anterior de cat\u00e1logo:FD 39,13; Fundo Fam\u00edlias Diversas; <\/p>\n","protected":false},"excerpt":{"rendered":"<p>Em\u00edlio H. Ripp. &#8211; C\u00f3digo anterior de cat\u00e1logo:FD 39,13; Fundo Fam\u00edlias Diversas;<\/p>\n","protected":false},"featured_media":32905,"comment_status":"open","ping_status":"closed","template":"","meta":{"_acf_changed":false},"product_cat":[78],"product_tag":[],"class_list":["post-32906","product","type-product","status-publish","has-post-thumbnail","hentry","product_cat-fundo-familias-diversas"],"acf":[],"_links":{"self":[{"href":"https:\/\/www.museuhistoricosl.com.br\/loja\/wp-json\/wp\/v2\/product\/32906","targetHints":{"allow":["GET"]}}],"collection":[{"href":"https:\/\/www.museuhistoricosl.com.br\/loja\/wp-json\/wp\/v2\/product"}],"about":[{"href":"https:\/\/www.museuhistoricosl.com.br\/loja\/wp-json\/wp\/v2\/types\/product"}],"replies":[{"embeddable":true,"href":"https:\/\/www.museuhistoricosl.com.br\/loja\/wp-json\/wp\/v2\/comments?post=32906"}],"wp:featuredmedia":[{"embeddable":true,"href":"https:\/\/www.museuhistoricosl.com.br\/loja\/wp-json\/wp\/v2\/media\/32905"}],"wp:attachment":[{"href":"https:\/\/www.museuhistoricosl.com.br\/loja\/wp-json\/wp\/v2\/media?parent=32906"}],"wp:term":[{"taxonomy":"product_cat","embeddable":true,"href":"https:\/\/www.museuhistoricosl.com.br\/loja\/wp-json\/wp\/v2\/product_cat?post=32906"},{"taxonomy":"product_tag","embeddable":true,"href":"https:\/\/www.museuhistoricosl.com.br\/loja\/wp-json\/wp\/v2\/product_tag?post=32906"}],"curies":[{"name":"wp","href":"https:\/\/api.w.org\/{rel}","templated":true}]}}