{"id":32859,"date":"2022-01-11T08:12:18","date_gmt":"2022-01-11T11:12:18","guid":{"rendered":"https:\/\/www.museuhistoricosl.com.br\/loja\/produto\/fwol1-fd-0087\/"},"modified":"2022-01-11T08:12:18","modified_gmt":"2022-01-11T11:12:18","slug":"fwol1-fd-0087","status":"publish","type":"product","link":"https:\/\/www.museuhistoricosl.com.br\/loja\/produto\/fwol1-fd-0087\/","title":{"rendered":"FWOL1-FD-0087"},"content":{"rendered":"<p>Sem identifica\u00e7\u00e3o (mulher e menina no balan\u00e7o). &#8211; C\u00f3digo anterior de cat\u00e1logo:FD W,87; Fundo Fam\u00edlia Wolfenb\u00fcttel; <\/p>\n","protected":false},"excerpt":{"rendered":"<p>Sem identifica\u00e7\u00e3o (mulher e menina no balan\u00e7o). &#8211; C\u00f3digo anterior de cat\u00e1logo:FD W,87; Fundo Fam\u00edlia Wolfenb\u00fcttel;<\/p>\n","protected":false},"featured_media":32858,"comment_status":"open","ping_status":"closed","template":"","meta":{"_acf_changed":false},"product_cat":[77],"product_tag":[],"class_list":["post-32859","product","type-product","status-publish","has-post-thumbnail","hentry","product_cat-fundo-familia-wolfenbuttel"],"acf":[],"_links":{"self":[{"href":"https:\/\/www.museuhistoricosl.com.br\/loja\/wp-json\/wp\/v2\/product\/32859","targetHints":{"allow":["GET"]}}],"collection":[{"href":"https:\/\/www.museuhistoricosl.com.br\/loja\/wp-json\/wp\/v2\/product"}],"about":[{"href":"https:\/\/www.museuhistoricosl.com.br\/loja\/wp-json\/wp\/v2\/types\/product"}],"replies":[{"embeddable":true,"href":"https:\/\/www.museuhistoricosl.com.br\/loja\/wp-json\/wp\/v2\/comments?post=32859"}],"wp:featuredmedia":[{"embeddable":true,"href":"https:\/\/www.museuhistoricosl.com.br\/loja\/wp-json\/wp\/v2\/media\/32858"}],"wp:attachment":[{"href":"https:\/\/www.museuhistoricosl.com.br\/loja\/wp-json\/wp\/v2\/media?parent=32859"}],"wp:term":[{"taxonomy":"product_cat","embeddable":true,"href":"https:\/\/www.museuhistoricosl.com.br\/loja\/wp-json\/wp\/v2\/product_cat?post=32859"},{"taxonomy":"product_tag","embeddable":true,"href":"https:\/\/www.museuhistoricosl.com.br\/loja\/wp-json\/wp\/v2\/product_tag?post=32859"}],"curies":[{"name":"wp","href":"https:\/\/api.w.org\/{rel}","templated":true}]}}