{"id":32839,"date":"2022-01-11T08:12:12","date_gmt":"2022-01-11T11:12:12","guid":{"rendered":"https:\/\/www.museuhistoricosl.com.br\/loja\/produto\/fwol1-fd-0077\/"},"modified":"2022-01-11T08:12:12","modified_gmt":"2022-01-11T11:12:12","slug":"fwol1-fd-0077","status":"publish","type":"product","link":"https:\/\/www.museuhistoricosl.com.br\/loja\/produto\/fwol1-fd-0077\/","title":{"rendered":"FWOL1-FD-0077"},"content":{"rendered":"<p>Sem identifica\u00e7\u00e3o (duas mulheres e beb\u00ea). 29.12.1929 &#8211; C\u00f3digo anterior de cat\u00e1logo:FD W,77; Fundo Fam\u00edlia Wolfenb\u00fcttel; <\/p>\n","protected":false},"excerpt":{"rendered":"<p>Sem identifica\u00e7\u00e3o (duas mulheres e beb\u00ea). 29.12.1929 &#8211; C\u00f3digo anterior de cat\u00e1logo:FD W,77; Fundo Fam\u00edlia Wolfenb\u00fcttel;<\/p>\n","protected":false},"featured_media":32838,"comment_status":"open","ping_status":"closed","template":"","meta":{"_acf_changed":false},"product_cat":[77],"product_tag":[],"class_list":["post-32839","product","type-product","status-publish","has-post-thumbnail","hentry","product_cat-fundo-familia-wolfenbuttel"],"acf":[],"_links":{"self":[{"href":"https:\/\/www.museuhistoricosl.com.br\/loja\/wp-json\/wp\/v2\/product\/32839","targetHints":{"allow":["GET"]}}],"collection":[{"href":"https:\/\/www.museuhistoricosl.com.br\/loja\/wp-json\/wp\/v2\/product"}],"about":[{"href":"https:\/\/www.museuhistoricosl.com.br\/loja\/wp-json\/wp\/v2\/types\/product"}],"replies":[{"embeddable":true,"href":"https:\/\/www.museuhistoricosl.com.br\/loja\/wp-json\/wp\/v2\/comments?post=32839"}],"wp:featuredmedia":[{"embeddable":true,"href":"https:\/\/www.museuhistoricosl.com.br\/loja\/wp-json\/wp\/v2\/media\/32838"}],"wp:attachment":[{"href":"https:\/\/www.museuhistoricosl.com.br\/loja\/wp-json\/wp\/v2\/media?parent=32839"}],"wp:term":[{"taxonomy":"product_cat","embeddable":true,"href":"https:\/\/www.museuhistoricosl.com.br\/loja\/wp-json\/wp\/v2\/product_cat?post=32839"},{"taxonomy":"product_tag","embeddable":true,"href":"https:\/\/www.museuhistoricosl.com.br\/loja\/wp-json\/wp\/v2\/product_tag?post=32839"}],"curies":[{"name":"wp","href":"https:\/\/api.w.org\/{rel}","templated":true}]}}