{"id":32678,"date":"2022-01-11T08:04:25","date_gmt":"2022-01-11T11:04:25","guid":{"rendered":"https:\/\/www.museuhistoricosl.com.br\/loja\/produto\/sl045-fd-0002\/"},"modified":"2022-01-11T08:04:25","modified_gmt":"2022-01-11T11:04:25","slug":"sl045-fd-0002","status":"publish","type":"product","link":"https:\/\/www.museuhistoricosl.com.br\/loja\/produto\/sl045-fd-0002\/","title":{"rendered":"SL045-FD-0002"},"content":{"rendered":"<p>Casal Zirbes. &#8211; C\u00f3digo anterior de cat\u00e1logo:FD 45-2; Fundo Fam\u00edlia Schilling; <\/p>\n","protected":false},"excerpt":{"rendered":"<p>Casal Zirbes. &#8211; C\u00f3digo anterior de cat\u00e1logo:FD 45-2; Fundo Fam\u00edlia Schilling;<\/p>\n","protected":false},"featured_media":32677,"comment_status":"open","ping_status":"closed","template":"","meta":{"_acf_changed":false},"product_cat":[76],"product_tag":[],"class_list":["post-32678","product","type-product","status-publish","has-post-thumbnail","hentry","product_cat-fundo-familia-schilling"],"acf":[],"_links":{"self":[{"href":"https:\/\/www.museuhistoricosl.com.br\/loja\/wp-json\/wp\/v2\/product\/32678","targetHints":{"allow":["GET"]}}],"collection":[{"href":"https:\/\/www.museuhistoricosl.com.br\/loja\/wp-json\/wp\/v2\/product"}],"about":[{"href":"https:\/\/www.museuhistoricosl.com.br\/loja\/wp-json\/wp\/v2\/types\/product"}],"replies":[{"embeddable":true,"href":"https:\/\/www.museuhistoricosl.com.br\/loja\/wp-json\/wp\/v2\/comments?post=32678"}],"wp:featuredmedia":[{"embeddable":true,"href":"https:\/\/www.museuhistoricosl.com.br\/loja\/wp-json\/wp\/v2\/media\/32677"}],"wp:attachment":[{"href":"https:\/\/www.museuhistoricosl.com.br\/loja\/wp-json\/wp\/v2\/media?parent=32678"}],"wp:term":[{"taxonomy":"product_cat","embeddable":true,"href":"https:\/\/www.museuhistoricosl.com.br\/loja\/wp-json\/wp\/v2\/product_cat?post=32678"},{"taxonomy":"product_tag","embeddable":true,"href":"https:\/\/www.museuhistoricosl.com.br\/loja\/wp-json\/wp\/v2\/product_tag?post=32678"}],"curies":[{"name":"wp","href":"https:\/\/api.w.org\/{rel}","templated":true}]}}