{"id":32676,"date":"2022-01-11T08:04:24","date_gmt":"2022-01-11T11:04:24","guid":{"rendered":"https:\/\/www.museuhistoricosl.com.br\/loja\/produto\/sl045-fd-0001\/"},"modified":"2022-01-11T08:04:24","modified_gmt":"2022-01-11T11:04:24","slug":"sl045-fd-0001","status":"publish","type":"product","link":"https:\/\/www.museuhistoricosl.com.br\/loja\/produto\/sl045-fd-0001\/","title":{"rendered":"SL045-FD-0001"},"content":{"rendered":"<p>Jacob Schilling e Jacob Zirbes. &#8211; C\u00f3digo anterior de cat\u00e1logo:FD 45-1; Fundo Fam\u00edlia Schilling; <\/p>\n","protected":false},"excerpt":{"rendered":"<p>Jacob Schilling e Jacob Zirbes. &#8211; C\u00f3digo anterior de cat\u00e1logo:FD 45-1; Fundo Fam\u00edlia Schilling;<\/p>\n","protected":false},"featured_media":32675,"comment_status":"open","ping_status":"closed","template":"","meta":{"_acf_changed":false},"product_cat":[76],"product_tag":[],"class_list":["post-32676","product","type-product","status-publish","has-post-thumbnail","hentry","product_cat-fundo-familia-schilling"],"acf":[],"_links":{"self":[{"href":"https:\/\/www.museuhistoricosl.com.br\/loja\/wp-json\/wp\/v2\/product\/32676","targetHints":{"allow":["GET"]}}],"collection":[{"href":"https:\/\/www.museuhistoricosl.com.br\/loja\/wp-json\/wp\/v2\/product"}],"about":[{"href":"https:\/\/www.museuhistoricosl.com.br\/loja\/wp-json\/wp\/v2\/types\/product"}],"replies":[{"embeddable":true,"href":"https:\/\/www.museuhistoricosl.com.br\/loja\/wp-json\/wp\/v2\/comments?post=32676"}],"wp:featuredmedia":[{"embeddable":true,"href":"https:\/\/www.museuhistoricosl.com.br\/loja\/wp-json\/wp\/v2\/media\/32675"}],"wp:attachment":[{"href":"https:\/\/www.museuhistoricosl.com.br\/loja\/wp-json\/wp\/v2\/media?parent=32676"}],"wp:term":[{"taxonomy":"product_cat","embeddable":true,"href":"https:\/\/www.museuhistoricosl.com.br\/loja\/wp-json\/wp\/v2\/product_cat?post=32676"},{"taxonomy":"product_tag","embeddable":true,"href":"https:\/\/www.museuhistoricosl.com.br\/loja\/wp-json\/wp\/v2\/product_tag?post=32676"}],"curies":[{"name":"wp","href":"https:\/\/api.w.org\/{rel}","templated":true}]}}