{"id":32671,"date":"2022-01-11T07:55:22","date_gmt":"2022-01-11T10:55:22","guid":{"rendered":"https:\/\/www.museuhistoricosl.com.br\/loja\/produto\/fsau1-fd-0178\/"},"modified":"2022-01-11T07:55:22","modified_gmt":"2022-01-11T10:55:22","slug":"fsau1-fd-0178","status":"publish","type":"product","link":"https:\/\/www.museuhistoricosl.com.br\/loja\/produto\/fsau1-fd-0178\/","title":{"rendered":"FSAU1-FD-0178"},"content":{"rendered":"<p>sem informa\u00e7\u00e3o; Fundo Fam\u00edlia Sauer; <\/p>\n","protected":false},"excerpt":{"rendered":"<p>sem informa\u00e7\u00e3o; Fundo Fam\u00edlia Sauer;<\/p>\n","protected":false},"featured_media":32670,"comment_status":"open","ping_status":"closed","template":"","meta":{"_acf_changed":false},"product_cat":[75],"product_tag":[],"class_list":["post-32671","product","type-product","status-publish","has-post-thumbnail","hentry","product_cat-fundo-familia-sauer"],"acf":[],"_links":{"self":[{"href":"https:\/\/www.museuhistoricosl.com.br\/loja\/wp-json\/wp\/v2\/product\/32671","targetHints":{"allow":["GET"]}}],"collection":[{"href":"https:\/\/www.museuhistoricosl.com.br\/loja\/wp-json\/wp\/v2\/product"}],"about":[{"href":"https:\/\/www.museuhistoricosl.com.br\/loja\/wp-json\/wp\/v2\/types\/product"}],"replies":[{"embeddable":true,"href":"https:\/\/www.museuhistoricosl.com.br\/loja\/wp-json\/wp\/v2\/comments?post=32671"}],"wp:featuredmedia":[{"embeddable":true,"href":"https:\/\/www.museuhistoricosl.com.br\/loja\/wp-json\/wp\/v2\/media\/32670"}],"wp:attachment":[{"href":"https:\/\/www.museuhistoricosl.com.br\/loja\/wp-json\/wp\/v2\/media?parent=32671"}],"wp:term":[{"taxonomy":"product_cat","embeddable":true,"href":"https:\/\/www.museuhistoricosl.com.br\/loja\/wp-json\/wp\/v2\/product_cat?post=32671"},{"taxonomy":"product_tag","embeddable":true,"href":"https:\/\/www.museuhistoricosl.com.br\/loja\/wp-json\/wp\/v2\/product_tag?post=32671"}],"curies":[{"name":"wp","href":"https:\/\/api.w.org\/{rel}","templated":true}]}}