{"id":32589,"date":"2022-01-11T07:54:45","date_gmt":"2022-01-11T10:54:45","guid":{"rendered":"https:\/\/www.museuhistoricosl.com.br\/loja\/produto\/fsau1-fd-0135\/"},"modified":"2022-01-11T07:54:45","modified_gmt":"2022-01-11T10:54:45","slug":"fsau1-fd-0135","status":"publish","type":"product","link":"https:\/\/www.museuhistoricosl.com.br\/loja\/produto\/fsau1-fd-0135\/","title":{"rendered":"FSAU1-FD-0135"},"content":{"rendered":"<p>sem informa\u00e7\u00e3o; Fundo Fam\u00edlia Sauer; <\/p>\n","protected":false},"excerpt":{"rendered":"<p>sem informa\u00e7\u00e3o; Fundo Fam\u00edlia Sauer;<\/p>\n","protected":false},"featured_media":32588,"comment_status":"open","ping_status":"closed","template":"","meta":{"_acf_changed":false},"product_cat":[75],"product_tag":[],"class_list":["post-32589","product","type-product","status-publish","has-post-thumbnail","hentry","product_cat-fundo-familia-sauer"],"acf":[],"_links":{"self":[{"href":"https:\/\/www.museuhistoricosl.com.br\/loja\/wp-json\/wp\/v2\/product\/32589","targetHints":{"allow":["GET"]}}],"collection":[{"href":"https:\/\/www.museuhistoricosl.com.br\/loja\/wp-json\/wp\/v2\/product"}],"about":[{"href":"https:\/\/www.museuhistoricosl.com.br\/loja\/wp-json\/wp\/v2\/types\/product"}],"replies":[{"embeddable":true,"href":"https:\/\/www.museuhistoricosl.com.br\/loja\/wp-json\/wp\/v2\/comments?post=32589"}],"wp:featuredmedia":[{"embeddable":true,"href":"https:\/\/www.museuhistoricosl.com.br\/loja\/wp-json\/wp\/v2\/media\/32588"}],"wp:attachment":[{"href":"https:\/\/www.museuhistoricosl.com.br\/loja\/wp-json\/wp\/v2\/media?parent=32589"}],"wp:term":[{"taxonomy":"product_cat","embeddable":true,"href":"https:\/\/www.museuhistoricosl.com.br\/loja\/wp-json\/wp\/v2\/product_cat?post=32589"},{"taxonomy":"product_tag","embeddable":true,"href":"https:\/\/www.museuhistoricosl.com.br\/loja\/wp-json\/wp\/v2\/product_tag?post=32589"}],"curies":[{"name":"wp","href":"https:\/\/api.w.org\/{rel}","templated":true}]}}