{"id":32385,"date":"2022-01-11T07:53:21","date_gmt":"2022-01-11T10:53:21","guid":{"rendered":"https:\/\/www.museuhistoricosl.com.br\/loja\/produto\/fsau1-fd-0033\/"},"modified":"2022-01-11T07:53:21","modified_gmt":"2022-01-11T10:53:21","slug":"fsau1-fd-0033","status":"publish","type":"product","link":"https:\/\/www.museuhistoricosl.com.br\/loja\/produto\/fsau1-fd-0033\/","title":{"rendered":"FSAU1-FD-0033"},"content":{"rendered":"<p>Sem identifica\u00e7\u00e3o (homem). &#8211; C\u00f3digo anterior de cat\u00e1logo:FD LS,33; Fundo Fam\u00edlia Sauer; <\/p>\n","protected":false},"excerpt":{"rendered":"<p>Sem identifica\u00e7\u00e3o (homem). &#8211; C\u00f3digo anterior de cat\u00e1logo:FD LS,33; Fundo Fam\u00edlia Sauer;<\/p>\n","protected":false},"featured_media":32384,"comment_status":"open","ping_status":"closed","template":"","meta":{"_acf_changed":false},"product_cat":[75],"product_tag":[],"class_list":["post-32385","product","type-product","status-publish","has-post-thumbnail","hentry","product_cat-fundo-familia-sauer"],"acf":[],"_links":{"self":[{"href":"https:\/\/www.museuhistoricosl.com.br\/loja\/wp-json\/wp\/v2\/product\/32385","targetHints":{"allow":["GET"]}}],"collection":[{"href":"https:\/\/www.museuhistoricosl.com.br\/loja\/wp-json\/wp\/v2\/product"}],"about":[{"href":"https:\/\/www.museuhistoricosl.com.br\/loja\/wp-json\/wp\/v2\/types\/product"}],"replies":[{"embeddable":true,"href":"https:\/\/www.museuhistoricosl.com.br\/loja\/wp-json\/wp\/v2\/comments?post=32385"}],"wp:featuredmedia":[{"embeddable":true,"href":"https:\/\/www.museuhistoricosl.com.br\/loja\/wp-json\/wp\/v2\/media\/32384"}],"wp:attachment":[{"href":"https:\/\/www.museuhistoricosl.com.br\/loja\/wp-json\/wp\/v2\/media?parent=32385"}],"wp:term":[{"taxonomy":"product_cat","embeddable":true,"href":"https:\/\/www.museuhistoricosl.com.br\/loja\/wp-json\/wp\/v2\/product_cat?post=32385"},{"taxonomy":"product_tag","embeddable":true,"href":"https:\/\/www.museuhistoricosl.com.br\/loja\/wp-json\/wp\/v2\/product_tag?post=32385"}],"curies":[{"name":"wp","href":"https:\/\/api.w.org\/{rel}","templated":true}]}}