{"id":32335,"date":"2022-01-11T07:53:03","date_gmt":"2022-01-11T10:53:03","guid":{"rendered":"https:\/\/www.museuhistoricosl.com.br\/loja\/produto\/fsau1-fd-0008\/"},"modified":"2022-01-11T07:53:03","modified_gmt":"2022-01-11T10:53:03","slug":"fsau1-fd-0008","status":"publish","type":"product","link":"https:\/\/www.museuhistoricosl.com.br\/loja\/produto\/fsau1-fd-0008\/","title":{"rendered":"FSAU1-FD-0008"},"content":{"rendered":"<p>Sem identifica\u00e7\u00e3o (menino). &#8211; C\u00f3digo anterior de cat\u00e1logo:FD LS,8; Fundo Fam\u00edlia Sauer; <\/p>\n","protected":false},"excerpt":{"rendered":"<p>Sem identifica\u00e7\u00e3o (menino). &#8211; C\u00f3digo anterior de cat\u00e1logo:FD LS,8; Fundo Fam\u00edlia Sauer;<\/p>\n","protected":false},"featured_media":32334,"comment_status":"open","ping_status":"closed","template":"","meta":{"_acf_changed":false},"product_cat":[75],"product_tag":[],"class_list":["post-32335","product","type-product","status-publish","has-post-thumbnail","hentry","product_cat-fundo-familia-sauer"],"acf":[],"_links":{"self":[{"href":"https:\/\/www.museuhistoricosl.com.br\/loja\/wp-json\/wp\/v2\/product\/32335","targetHints":{"allow":["GET"]}}],"collection":[{"href":"https:\/\/www.museuhistoricosl.com.br\/loja\/wp-json\/wp\/v2\/product"}],"about":[{"href":"https:\/\/www.museuhistoricosl.com.br\/loja\/wp-json\/wp\/v2\/types\/product"}],"replies":[{"embeddable":true,"href":"https:\/\/www.museuhistoricosl.com.br\/loja\/wp-json\/wp\/v2\/comments?post=32335"}],"wp:featuredmedia":[{"embeddable":true,"href":"https:\/\/www.museuhistoricosl.com.br\/loja\/wp-json\/wp\/v2\/media\/32334"}],"wp:attachment":[{"href":"https:\/\/www.museuhistoricosl.com.br\/loja\/wp-json\/wp\/v2\/media?parent=32335"}],"wp:term":[{"taxonomy":"product_cat","embeddable":true,"href":"https:\/\/www.museuhistoricosl.com.br\/loja\/wp-json\/wp\/v2\/product_cat?post=32335"},{"taxonomy":"product_tag","embeddable":true,"href":"https:\/\/www.museuhistoricosl.com.br\/loja\/wp-json\/wp\/v2\/product_tag?post=32335"}],"curies":[{"name":"wp","href":"https:\/\/api.w.org\/{rel}","templated":true}]}}