{"id":32251,"date":"2022-01-10T10:06:42","date_gmt":"2022-01-10T13:06:42","guid":{"rendered":"https:\/\/www.museuhistoricosl.com.br\/loja\/produto\/sl052-fd-0072\/"},"modified":"2022-01-10T10:06:42","modified_gmt":"2022-01-10T13:06:42","slug":"sl052-fd-0072","status":"publish","type":"product","link":"https:\/\/www.museuhistoricosl.com.br\/loja\/produto\/sl052-fd-0072\/","title":{"rendered":"SL052-FD-0072"},"content":{"rendered":"<p>De Leopoldo Pacheco para \u00c1lvaro Monteiro, Santa B\u00e1rbara, 27\/02\/1928. &#8211; C\u00f3digo anterior de cat\u00e1logo:FD 52,72; Fundo Fam\u00edlia Oppitz; <\/p>\n","protected":false},"excerpt":{"rendered":"<p>De Leopoldo Pacheco para \u00c1lvaro Monteiro, Santa B\u00e1rbara, 27\/02\/1928. &#8211; C\u00f3digo anterior de cat\u00e1logo:FD 52,72; Fundo Fam\u00edlia Oppitz;<\/p>\n","protected":false},"featured_media":32250,"comment_status":"open","ping_status":"closed","template":"","meta":{"_acf_changed":false},"product_cat":[74],"product_tag":[],"class_list":["post-32251","product","type-product","status-publish","has-post-thumbnail","hentry","product_cat-fundo-familia-oppitz"],"acf":[],"_links":{"self":[{"href":"https:\/\/www.museuhistoricosl.com.br\/loja\/wp-json\/wp\/v2\/product\/32251","targetHints":{"allow":["GET"]}}],"collection":[{"href":"https:\/\/www.museuhistoricosl.com.br\/loja\/wp-json\/wp\/v2\/product"}],"about":[{"href":"https:\/\/www.museuhistoricosl.com.br\/loja\/wp-json\/wp\/v2\/types\/product"}],"replies":[{"embeddable":true,"href":"https:\/\/www.museuhistoricosl.com.br\/loja\/wp-json\/wp\/v2\/comments?post=32251"}],"wp:featuredmedia":[{"embeddable":true,"href":"https:\/\/www.museuhistoricosl.com.br\/loja\/wp-json\/wp\/v2\/media\/32250"}],"wp:attachment":[{"href":"https:\/\/www.museuhistoricosl.com.br\/loja\/wp-json\/wp\/v2\/media?parent=32251"}],"wp:term":[{"taxonomy":"product_cat","embeddable":true,"href":"https:\/\/www.museuhistoricosl.com.br\/loja\/wp-json\/wp\/v2\/product_cat?post=32251"},{"taxonomy":"product_tag","embeddable":true,"href":"https:\/\/www.museuhistoricosl.com.br\/loja\/wp-json\/wp\/v2\/product_tag?post=32251"}],"curies":[{"name":"wp","href":"https:\/\/api.w.org\/{rel}","templated":true}]}}