{"id":32149,"date":"2022-01-10T10:05:54","date_gmt":"2022-01-10T13:05:54","guid":{"rendered":"https:\/\/www.museuhistoricosl.com.br\/loja\/produto\/sl052-fd-0021\/"},"modified":"2022-01-10T10:05:54","modified_gmt":"2022-01-10T13:05:54","slug":"sl052-fd-0021","status":"publish","type":"product","link":"https:\/\/www.museuhistoricosl.com.br\/loja\/produto\/sl052-fd-0021\/","title":{"rendered":"SL052-FD-0021"},"content":{"rendered":"<p>Pessoas n\u00e3o identificadas. &#8211; C\u00f3digo anterior de cat\u00e1logo:FD 52,21; Fundo Fam\u00edlia Oppitz; <\/p>\n","protected":false},"excerpt":{"rendered":"<p>Pessoas n\u00e3o identificadas. &#8211; C\u00f3digo anterior de cat\u00e1logo:FD 52,21; Fundo Fam\u00edlia Oppitz;<\/p>\n","protected":false},"featured_media":32148,"comment_status":"open","ping_status":"closed","template":"","meta":{"_acf_changed":false},"product_cat":[74],"product_tag":[],"class_list":["post-32149","product","type-product","status-publish","has-post-thumbnail","hentry","product_cat-fundo-familia-oppitz"],"acf":[],"_links":{"self":[{"href":"https:\/\/www.museuhistoricosl.com.br\/loja\/wp-json\/wp\/v2\/product\/32149","targetHints":{"allow":["GET"]}}],"collection":[{"href":"https:\/\/www.museuhistoricosl.com.br\/loja\/wp-json\/wp\/v2\/product"}],"about":[{"href":"https:\/\/www.museuhistoricosl.com.br\/loja\/wp-json\/wp\/v2\/types\/product"}],"replies":[{"embeddable":true,"href":"https:\/\/www.museuhistoricosl.com.br\/loja\/wp-json\/wp\/v2\/comments?post=32149"}],"wp:featuredmedia":[{"embeddable":true,"href":"https:\/\/www.museuhistoricosl.com.br\/loja\/wp-json\/wp\/v2\/media\/32148"}],"wp:attachment":[{"href":"https:\/\/www.museuhistoricosl.com.br\/loja\/wp-json\/wp\/v2\/media?parent=32149"}],"wp:term":[{"taxonomy":"product_cat","embeddable":true,"href":"https:\/\/www.museuhistoricosl.com.br\/loja\/wp-json\/wp\/v2\/product_cat?post=32149"},{"taxonomy":"product_tag","embeddable":true,"href":"https:\/\/www.museuhistoricosl.com.br\/loja\/wp-json\/wp\/v2\/product_tag?post=32149"}],"curies":[{"name":"wp","href":"https:\/\/api.w.org\/{rel}","templated":true}]}}