{"id":32117,"date":"2022-01-10T10:05:43","date_gmt":"2022-01-10T13:05:43","guid":{"rendered":"https:\/\/www.museuhistoricosl.com.br\/loja\/produto\/sl052-fd-0005\/"},"modified":"2022-01-10T10:05:43","modified_gmt":"2022-01-10T13:05:43","slug":"sl052-fd-0005","status":"publish","type":"product","link":"https:\/\/www.museuhistoricosl.com.br\/loja\/produto\/sl052-fd-0005\/","title":{"rendered":"SL052-FD-0005"},"content":{"rendered":"<p>Nitinha, 02\/04\/1925. &#8220;\u00c0 boa vovozinha ofere\u00e7o, de todo cora\u00e7\u00e3o, esta lembrancinha&#8221;. &#8211; C\u00f3digo anterior de cat\u00e1logo:FD 52,5; Fundo Fam\u00edlia Oppitz; <\/p>\n","protected":false},"excerpt":{"rendered":"<p>Nitinha, 02\/04\/1925. &#8220;\u00c0 boa vovozinha ofere\u00e7o, de todo cora\u00e7\u00e3o, esta lembrancinha&#8221;. &#8211; C\u00f3digo anterior de cat\u00e1logo:FD 52,5; Fundo Fam\u00edlia Oppitz;<\/p>\n","protected":false},"featured_media":32116,"comment_status":"open","ping_status":"closed","template":"","meta":{"_acf_changed":false},"product_cat":[74],"product_tag":[],"class_list":["post-32117","product","type-product","status-publish","has-post-thumbnail","hentry","product_cat-fundo-familia-oppitz"],"acf":[],"_links":{"self":[{"href":"https:\/\/www.museuhistoricosl.com.br\/loja\/wp-json\/wp\/v2\/product\/32117","targetHints":{"allow":["GET"]}}],"collection":[{"href":"https:\/\/www.museuhistoricosl.com.br\/loja\/wp-json\/wp\/v2\/product"}],"about":[{"href":"https:\/\/www.museuhistoricosl.com.br\/loja\/wp-json\/wp\/v2\/types\/product"}],"replies":[{"embeddable":true,"href":"https:\/\/www.museuhistoricosl.com.br\/loja\/wp-json\/wp\/v2\/comments?post=32117"}],"wp:featuredmedia":[{"embeddable":true,"href":"https:\/\/www.museuhistoricosl.com.br\/loja\/wp-json\/wp\/v2\/media\/32116"}],"wp:attachment":[{"href":"https:\/\/www.museuhistoricosl.com.br\/loja\/wp-json\/wp\/v2\/media?parent=32117"}],"wp:term":[{"taxonomy":"product_cat","embeddable":true,"href":"https:\/\/www.museuhistoricosl.com.br\/loja\/wp-json\/wp\/v2\/product_cat?post=32117"},{"taxonomy":"product_tag","embeddable":true,"href":"https:\/\/www.museuhistoricosl.com.br\/loja\/wp-json\/wp\/v2\/product_tag?post=32117"}],"curies":[{"name":"wp","href":"https:\/\/api.w.org\/{rel}","templated":true}]}}