{"id":32018,"date":"2022-01-10T09:54:20","date_gmt":"2022-01-10T12:54:20","guid":{"rendered":"https:\/\/www.museuhistoricosl.com.br\/loja\/produto\/sl044-fd-0045\/"},"modified":"2022-01-10T09:54:20","modified_gmt":"2022-01-10T12:54:20","slug":"sl044-fd-0045","status":"publish","type":"product","link":"https:\/\/www.museuhistoricosl.com.br\/loja\/produto\/sl044-fd-0045\/","title":{"rendered":"SL044-FD-0045"},"content":{"rendered":"<p>Mariasinha, Ondina Guimar\u00e3es Guttuerres, eu e Ondalina Guimar\u00e3es na Exposi\u00e7\u00e3o Farroupilha, 25\/09\/1935, Maria Vianna Moog; Fundo Fam\u00edlia Moog; <\/p>\n","protected":false},"excerpt":{"rendered":"<p>Mariasinha, Ondina Guimar\u00e3es Guttuerres, eu e Ondalina Guimar\u00e3es na Exposi\u00e7\u00e3o Farroupilha, 25\/09\/1935, Maria Vianna Moog; Fundo Fam\u00edlia Moog;<\/p>\n","protected":false},"featured_media":32017,"comment_status":"open","ping_status":"closed","template":"","meta":{"_acf_changed":false},"product_cat":[73],"product_tag":[],"class_list":["post-32018","product","type-product","status-publish","has-post-thumbnail","hentry","product_cat-fundo-familia-moog"],"acf":[],"_links":{"self":[{"href":"https:\/\/www.museuhistoricosl.com.br\/loja\/wp-json\/wp\/v2\/product\/32018","targetHints":{"allow":["GET"]}}],"collection":[{"href":"https:\/\/www.museuhistoricosl.com.br\/loja\/wp-json\/wp\/v2\/product"}],"about":[{"href":"https:\/\/www.museuhistoricosl.com.br\/loja\/wp-json\/wp\/v2\/types\/product"}],"replies":[{"embeddable":true,"href":"https:\/\/www.museuhistoricosl.com.br\/loja\/wp-json\/wp\/v2\/comments?post=32018"}],"wp:featuredmedia":[{"embeddable":true,"href":"https:\/\/www.museuhistoricosl.com.br\/loja\/wp-json\/wp\/v2\/media\/32017"}],"wp:attachment":[{"href":"https:\/\/www.museuhistoricosl.com.br\/loja\/wp-json\/wp\/v2\/media?parent=32018"}],"wp:term":[{"taxonomy":"product_cat","embeddable":true,"href":"https:\/\/www.museuhistoricosl.com.br\/loja\/wp-json\/wp\/v2\/product_cat?post=32018"},{"taxonomy":"product_tag","embeddable":true,"href":"https:\/\/www.museuhistoricosl.com.br\/loja\/wp-json\/wp\/v2\/product_tag?post=32018"}],"curies":[{"name":"wp","href":"https:\/\/api.w.org\/{rel}","templated":true}]}}