{"id":31998,"date":"2022-01-10T09:54:13","date_gmt":"2022-01-10T12:54:13","guid":{"rendered":"https:\/\/www.museuhistoricosl.com.br\/loja\/produto\/sl044-fd-0035\/"},"modified":"2022-01-10T09:54:13","modified_gmt":"2022-01-10T12:54:13","slug":"sl044-fd-0035","status":"publish","type":"product","link":"https:\/\/www.museuhistoricosl.com.br\/loja\/produto\/sl044-fd-0035\/","title":{"rendered":"SL044-FD-0035"},"content":{"rendered":"<p>Filho, nora e netas do Clodomir Vianna Moog: Gilberto C\u00e2mara Moog e Lygia Costa Moog. Filhos: Cistiana Costa Vianna Moog, Claudia Costa Vianna Moog e Marcos Costa Vianna Moog. 1963. &#8211; C\u00f3digo anterior de cat\u00e1logo:FD 44-35; Fundo Fam\u00edlia Moog; <\/p>\n","protected":false},"excerpt":{"rendered":"<p>Filho, nora e netas do Clodomir Vianna Moog: Gilberto C\u00e2mara Moog e Lygia Costa Moog. Filhos: Cistiana Costa Vianna Moog,<\/p>\n","protected":false},"featured_media":31997,"comment_status":"open","ping_status":"closed","template":"","meta":{"_acf_changed":false},"product_cat":[73],"product_tag":[],"class_list":["post-31998","product","type-product","status-publish","has-post-thumbnail","hentry","product_cat-fundo-familia-moog"],"acf":[],"_links":{"self":[{"href":"https:\/\/www.museuhistoricosl.com.br\/loja\/wp-json\/wp\/v2\/product\/31998","targetHints":{"allow":["GET"]}}],"collection":[{"href":"https:\/\/www.museuhistoricosl.com.br\/loja\/wp-json\/wp\/v2\/product"}],"about":[{"href":"https:\/\/www.museuhistoricosl.com.br\/loja\/wp-json\/wp\/v2\/types\/product"}],"replies":[{"embeddable":true,"href":"https:\/\/www.museuhistoricosl.com.br\/loja\/wp-json\/wp\/v2\/comments?post=31998"}],"wp:featuredmedia":[{"embeddable":true,"href":"https:\/\/www.museuhistoricosl.com.br\/loja\/wp-json\/wp\/v2\/media\/31997"}],"wp:attachment":[{"href":"https:\/\/www.museuhistoricosl.com.br\/loja\/wp-json\/wp\/v2\/media?parent=31998"}],"wp:term":[{"taxonomy":"product_cat","embeddable":true,"href":"https:\/\/www.museuhistoricosl.com.br\/loja\/wp-json\/wp\/v2\/product_cat?post=31998"},{"taxonomy":"product_tag","embeddable":true,"href":"https:\/\/www.museuhistoricosl.com.br\/loja\/wp-json\/wp\/v2\/product_tag?post=31998"}],"curies":[{"name":"wp","href":"https:\/\/api.w.org\/{rel}","templated":true}]}}