{"id":31996,"date":"2022-01-10T09:54:13","date_gmt":"2022-01-10T12:54:13","guid":{"rendered":"https:\/\/www.museuhistoricosl.com.br\/loja\/produto\/sl044-fd-0034\/"},"modified":"2022-01-10T09:54:13","modified_gmt":"2022-01-10T12:54:13","slug":"sl044-fd-0034","status":"publish","type":"product","link":"https:\/\/www.museuhistoricosl.com.br\/loja\/produto\/sl044-fd-0034\/","title":{"rendered":"SL044-FD-0034"},"content":{"rendered":"<p>Centen\u00e1rio da Independ\u00eancia do Brasil, S\u00e3o Leopoldo, 1922. &#8211; C\u00f3digo anterior de cat\u00e1logo:FD 44-34; Fundo Fam\u00edlia Moog; <\/p>\n","protected":false},"excerpt":{"rendered":"<p>Centen\u00e1rio da Independ\u00eancia do Brasil, S\u00e3o Leopoldo, 1922. &#8211; C\u00f3digo anterior de cat\u00e1logo:FD 44-34; Fundo Fam\u00edlia Moog;<\/p>\n","protected":false},"featured_media":31995,"comment_status":"open","ping_status":"closed","template":"","meta":{"_acf_changed":false},"product_cat":[73],"product_tag":[],"class_list":["post-31996","product","type-product","status-publish","has-post-thumbnail","hentry","product_cat-fundo-familia-moog"],"acf":[],"_links":{"self":[{"href":"https:\/\/www.museuhistoricosl.com.br\/loja\/wp-json\/wp\/v2\/product\/31996","targetHints":{"allow":["GET"]}}],"collection":[{"href":"https:\/\/www.museuhistoricosl.com.br\/loja\/wp-json\/wp\/v2\/product"}],"about":[{"href":"https:\/\/www.museuhistoricosl.com.br\/loja\/wp-json\/wp\/v2\/types\/product"}],"replies":[{"embeddable":true,"href":"https:\/\/www.museuhistoricosl.com.br\/loja\/wp-json\/wp\/v2\/comments?post=31996"}],"wp:featuredmedia":[{"embeddable":true,"href":"https:\/\/www.museuhistoricosl.com.br\/loja\/wp-json\/wp\/v2\/media\/31995"}],"wp:attachment":[{"href":"https:\/\/www.museuhistoricosl.com.br\/loja\/wp-json\/wp\/v2\/media?parent=31996"}],"wp:term":[{"taxonomy":"product_cat","embeddable":true,"href":"https:\/\/www.museuhistoricosl.com.br\/loja\/wp-json\/wp\/v2\/product_cat?post=31996"},{"taxonomy":"product_tag","embeddable":true,"href":"https:\/\/www.museuhistoricosl.com.br\/loja\/wp-json\/wp\/v2\/product_tag?post=31996"}],"curies":[{"name":"wp","href":"https:\/\/api.w.org\/{rel}","templated":true}]}}