{"id":31974,"date":"2022-01-10T09:54:03","date_gmt":"2022-01-10T12:54:03","guid":{"rendered":"https:\/\/www.museuhistoricosl.com.br\/loja\/produto\/sl044-fd-0023\/"},"modified":"2022-01-10T09:54:03","modified_gmt":"2022-01-10T12:54:03","slug":"sl044-fd-0023","status":"publish","type":"product","link":"https:\/\/www.museuhistoricosl.com.br\/loja\/produto\/sl044-fd-0023\/","title":{"rendered":"SL044-FD-0023"},"content":{"rendered":"<p>General de divis\u00e3o Olavo Vianna Moog quando crian\u00e7a, em S\u00e3o Leopoldo. &#8211; C\u00f3digo anterior de cat\u00e1logo:FD 44-23; Fundo Fam\u00edlia Moog; <\/p>\n","protected":false},"excerpt":{"rendered":"<p>General de divis\u00e3o Olavo Vianna Moog quando crian\u00e7a, em S\u00e3o Leopoldo. &#8211; C\u00f3digo anterior de cat\u00e1logo:FD 44-23; Fundo Fam\u00edlia Moog;<\/p>\n","protected":false},"featured_media":31973,"comment_status":"open","ping_status":"closed","template":"","meta":{"_acf_changed":false},"product_cat":[73],"product_tag":[],"class_list":["post-31974","product","type-product","status-publish","has-post-thumbnail","hentry","product_cat-fundo-familia-moog"],"acf":[],"_links":{"self":[{"href":"https:\/\/www.museuhistoricosl.com.br\/loja\/wp-json\/wp\/v2\/product\/31974","targetHints":{"allow":["GET"]}}],"collection":[{"href":"https:\/\/www.museuhistoricosl.com.br\/loja\/wp-json\/wp\/v2\/product"}],"about":[{"href":"https:\/\/www.museuhistoricosl.com.br\/loja\/wp-json\/wp\/v2\/types\/product"}],"replies":[{"embeddable":true,"href":"https:\/\/www.museuhistoricosl.com.br\/loja\/wp-json\/wp\/v2\/comments?post=31974"}],"wp:featuredmedia":[{"embeddable":true,"href":"https:\/\/www.museuhistoricosl.com.br\/loja\/wp-json\/wp\/v2\/media\/31973"}],"wp:attachment":[{"href":"https:\/\/www.museuhistoricosl.com.br\/loja\/wp-json\/wp\/v2\/media?parent=31974"}],"wp:term":[{"taxonomy":"product_cat","embeddable":true,"href":"https:\/\/www.museuhistoricosl.com.br\/loja\/wp-json\/wp\/v2\/product_cat?post=31974"},{"taxonomy":"product_tag","embeddable":true,"href":"https:\/\/www.museuhistoricosl.com.br\/loja\/wp-json\/wp\/v2\/product_tag?post=31974"}],"curies":[{"name":"wp","href":"https:\/\/api.w.org\/{rel}","templated":true}]}}