{"id":31970,"date":"2022-01-10T09:54:02","date_gmt":"2022-01-10T12:54:02","guid":{"rendered":"https:\/\/www.museuhistoricosl.com.br\/loja\/produto\/sl044-fd-0021\/"},"modified":"2022-01-10T09:54:02","modified_gmt":"2022-01-10T12:54:02","slug":"sl044-fd-0021","status":"publish","type":"product","link":"https:\/\/www.museuhistoricosl.com.br\/loja\/produto\/sl044-fd-0021\/","title":{"rendered":"SL044-FD-0021"},"content":{"rendered":"<p>2\u00ba tenente Olavo Vianna Moog S\u00e3o Leopoldo, 04\/1934. &#8211; C\u00f3digo anterior de cat\u00e1logo:FD 44-21; Fundo Fam\u00edlia Moog; <\/p>\n","protected":false},"excerpt":{"rendered":"<p>2\u00ba tenente Olavo Vianna Moog S\u00e3o Leopoldo, 04\/1934. &#8211; C\u00f3digo anterior de cat\u00e1logo:FD 44-21; Fundo Fam\u00edlia Moog;<\/p>\n","protected":false},"featured_media":31969,"comment_status":"open","ping_status":"closed","template":"","meta":{"_acf_changed":false},"product_cat":[73],"product_tag":[],"class_list":["post-31970","product","type-product","status-publish","has-post-thumbnail","hentry","product_cat-fundo-familia-moog"],"acf":[],"_links":{"self":[{"href":"https:\/\/www.museuhistoricosl.com.br\/loja\/wp-json\/wp\/v2\/product\/31970","targetHints":{"allow":["GET"]}}],"collection":[{"href":"https:\/\/www.museuhistoricosl.com.br\/loja\/wp-json\/wp\/v2\/product"}],"about":[{"href":"https:\/\/www.museuhistoricosl.com.br\/loja\/wp-json\/wp\/v2\/types\/product"}],"replies":[{"embeddable":true,"href":"https:\/\/www.museuhistoricosl.com.br\/loja\/wp-json\/wp\/v2\/comments?post=31970"}],"wp:featuredmedia":[{"embeddable":true,"href":"https:\/\/www.museuhistoricosl.com.br\/loja\/wp-json\/wp\/v2\/media\/31969"}],"wp:attachment":[{"href":"https:\/\/www.museuhistoricosl.com.br\/loja\/wp-json\/wp\/v2\/media?parent=31970"}],"wp:term":[{"taxonomy":"product_cat","embeddable":true,"href":"https:\/\/www.museuhistoricosl.com.br\/loja\/wp-json\/wp\/v2\/product_cat?post=31970"},{"taxonomy":"product_tag","embeddable":true,"href":"https:\/\/www.museuhistoricosl.com.br\/loja\/wp-json\/wp\/v2\/product_tag?post=31970"}],"curies":[{"name":"wp","href":"https:\/\/api.w.org\/{rel}","templated":true}]}}