{"id":31893,"date":"2022-01-10T09:27:13","date_gmt":"2022-01-10T12:27:13","guid":{"rendered":"https:\/\/www.museuhistoricosl.com.br\/loja\/produto\/flut1-fd-0128\/"},"modified":"2022-01-10T09:27:13","modified_gmt":"2022-01-10T12:27:13","slug":"flut1-fd-0128","status":"publish","type":"product","link":"https:\/\/www.museuhistoricosl.com.br\/loja\/produto\/flut1-fd-0128\/","title":{"rendered":"FLUT1-FD-0128"},"content":{"rendered":"<p>Casa Pernanbucanas, esquina Independ\u00eancia, 1934 a 1941; Fundo Fam\u00edlia L\u00fctke; <\/p>\n","protected":false},"excerpt":{"rendered":"<p>Casa Pernanbucanas, esquina Independ\u00eancia, 1934 a 1941; Fundo Fam\u00edlia L\u00fctke;<\/p>\n","protected":false},"featured_media":31892,"comment_status":"open","ping_status":"closed","template":"","meta":{"_acf_changed":false},"product_cat":[72],"product_tag":[],"class_list":["post-31893","product","type-product","status-publish","has-post-thumbnail","hentry","product_cat-fundo-familia-lutke"],"acf":[],"_links":{"self":[{"href":"https:\/\/www.museuhistoricosl.com.br\/loja\/wp-json\/wp\/v2\/product\/31893","targetHints":{"allow":["GET"]}}],"collection":[{"href":"https:\/\/www.museuhistoricosl.com.br\/loja\/wp-json\/wp\/v2\/product"}],"about":[{"href":"https:\/\/www.museuhistoricosl.com.br\/loja\/wp-json\/wp\/v2\/types\/product"}],"replies":[{"embeddable":true,"href":"https:\/\/www.museuhistoricosl.com.br\/loja\/wp-json\/wp\/v2\/comments?post=31893"}],"wp:featuredmedia":[{"embeddable":true,"href":"https:\/\/www.museuhistoricosl.com.br\/loja\/wp-json\/wp\/v2\/media\/31892"}],"wp:attachment":[{"href":"https:\/\/www.museuhistoricosl.com.br\/loja\/wp-json\/wp\/v2\/media?parent=31893"}],"wp:term":[{"taxonomy":"product_cat","embeddable":true,"href":"https:\/\/www.museuhistoricosl.com.br\/loja\/wp-json\/wp\/v2\/product_cat?post=31893"},{"taxonomy":"product_tag","embeddable":true,"href":"https:\/\/www.museuhistoricosl.com.br\/loja\/wp-json\/wp\/v2\/product_tag?post=31893"}],"curies":[{"name":"wp","href":"https:\/\/api.w.org\/{rel}","templated":true}]}}