{"id":31817,"date":"2022-01-10T09:26:44","date_gmt":"2022-01-10T12:26:44","guid":{"rendered":"https:\/\/www.museuhistoricosl.com.br\/loja\/produto\/flut1-fd-0090\/"},"modified":"2022-01-10T09:26:44","modified_gmt":"2022-01-10T12:26:44","slug":"flut1-fd-0090","status":"publish","type":"product","link":"https:\/\/www.museuhistoricosl.com.br\/loja\/produto\/flut1-fd-0090\/","title":{"rendered":"FLUT1-FD-0090"},"content":{"rendered":"<p>Casas Pernambucanas, Independ\u00eancia esquina Brasil; Fundo Fam\u00edlia L\u00fctke; <\/p>\n","protected":false},"excerpt":{"rendered":"<p>Casas Pernambucanas, Independ\u00eancia esquina Brasil; Fundo Fam\u00edlia L\u00fctke;<\/p>\n","protected":false},"featured_media":31816,"comment_status":"open","ping_status":"closed","template":"","meta":{"_acf_changed":false},"product_cat":[72],"product_tag":[],"class_list":["post-31817","product","type-product","status-publish","has-post-thumbnail","hentry","product_cat-fundo-familia-lutke"],"acf":[],"_links":{"self":[{"href":"https:\/\/www.museuhistoricosl.com.br\/loja\/wp-json\/wp\/v2\/product\/31817","targetHints":{"allow":["GET"]}}],"collection":[{"href":"https:\/\/www.museuhistoricosl.com.br\/loja\/wp-json\/wp\/v2\/product"}],"about":[{"href":"https:\/\/www.museuhistoricosl.com.br\/loja\/wp-json\/wp\/v2\/types\/product"}],"replies":[{"embeddable":true,"href":"https:\/\/www.museuhistoricosl.com.br\/loja\/wp-json\/wp\/v2\/comments?post=31817"}],"wp:featuredmedia":[{"embeddable":true,"href":"https:\/\/www.museuhistoricosl.com.br\/loja\/wp-json\/wp\/v2\/media\/31816"}],"wp:attachment":[{"href":"https:\/\/www.museuhistoricosl.com.br\/loja\/wp-json\/wp\/v2\/media?parent=31817"}],"wp:term":[{"taxonomy":"product_cat","embeddable":true,"href":"https:\/\/www.museuhistoricosl.com.br\/loja\/wp-json\/wp\/v2\/product_cat?post=31817"},{"taxonomy":"product_tag","embeddable":true,"href":"https:\/\/www.museuhistoricosl.com.br\/loja\/wp-json\/wp\/v2\/product_tag?post=31817"}],"curies":[{"name":"wp","href":"https:\/\/api.w.org\/{rel}","templated":true}]}}