{"id":31683,"date":"2022-01-10T09:25:48","date_gmt":"2022-01-10T12:25:48","guid":{"rendered":"https:\/\/www.museuhistoricosl.com.br\/loja\/produto\/flut1-fd-0023\/"},"modified":"2022-01-10T09:25:48","modified_gmt":"2022-01-10T12:25:48","slug":"flut1-fd-0023","status":"publish","type":"product","link":"https:\/\/www.museuhistoricosl.com.br\/loja\/produto\/flut1-fd-0023\/","title":{"rendered":"FLUT1-FD-0023"},"content":{"rendered":"<p>sem informa\u00e7\u00e3o; Fundo Fam\u00edlia L\u00fctke; <\/p>\n","protected":false},"excerpt":{"rendered":"<p>sem informa\u00e7\u00e3o; Fundo Fam\u00edlia L\u00fctke;<\/p>\n","protected":false},"featured_media":31682,"comment_status":"open","ping_status":"closed","template":"","meta":{"_acf_changed":false},"product_cat":[72],"product_tag":[],"class_list":["post-31683","product","type-product","status-publish","has-post-thumbnail","hentry","product_cat-fundo-familia-lutke"],"acf":[],"_links":{"self":[{"href":"https:\/\/www.museuhistoricosl.com.br\/loja\/wp-json\/wp\/v2\/product\/31683","targetHints":{"allow":["GET"]}}],"collection":[{"href":"https:\/\/www.museuhistoricosl.com.br\/loja\/wp-json\/wp\/v2\/product"}],"about":[{"href":"https:\/\/www.museuhistoricosl.com.br\/loja\/wp-json\/wp\/v2\/types\/product"}],"replies":[{"embeddable":true,"href":"https:\/\/www.museuhistoricosl.com.br\/loja\/wp-json\/wp\/v2\/comments?post=31683"}],"wp:featuredmedia":[{"embeddable":true,"href":"https:\/\/www.museuhistoricosl.com.br\/loja\/wp-json\/wp\/v2\/media\/31682"}],"wp:attachment":[{"href":"https:\/\/www.museuhistoricosl.com.br\/loja\/wp-json\/wp\/v2\/media?parent=31683"}],"wp:term":[{"taxonomy":"product_cat","embeddable":true,"href":"https:\/\/www.museuhistoricosl.com.br\/loja\/wp-json\/wp\/v2\/product_cat?post=31683"},{"taxonomy":"product_tag","embeddable":true,"href":"https:\/\/www.museuhistoricosl.com.br\/loja\/wp-json\/wp\/v2\/product_tag?post=31683"}],"curies":[{"name":"wp","href":"https:\/\/api.w.org\/{rel}","templated":true}]}}