{"id":31653,"date":"2022-01-10T09:25:39","date_gmt":"2022-01-10T12:25:39","guid":{"rendered":"https:\/\/www.museuhistoricosl.com.br\/loja\/produto\/flut1-fd-0008\/"},"modified":"2022-01-10T09:25:39","modified_gmt":"2022-01-10T12:25:39","slug":"flut1-fd-0008","status":"publish","type":"product","link":"https:\/\/www.museuhistoricosl.com.br\/loja\/produto\/flut1-fd-0008\/","title":{"rendered":"FLUT1-FD-0008"},"content":{"rendered":"<p>sem informa\u00e7\u00e3o; Fundo Fam\u00edlia L\u00fctke; <\/p>\n","protected":false},"excerpt":{"rendered":"<p>sem informa\u00e7\u00e3o; Fundo Fam\u00edlia L\u00fctke;<\/p>\n","protected":false},"featured_media":31652,"comment_status":"open","ping_status":"closed","template":"","meta":{"_acf_changed":false},"product_cat":[72],"product_tag":[],"class_list":["post-31653","product","type-product","status-publish","has-post-thumbnail","hentry","product_cat-fundo-familia-lutke"],"acf":[],"_links":{"self":[{"href":"https:\/\/www.museuhistoricosl.com.br\/loja\/wp-json\/wp\/v2\/product\/31653","targetHints":{"allow":["GET"]}}],"collection":[{"href":"https:\/\/www.museuhistoricosl.com.br\/loja\/wp-json\/wp\/v2\/product"}],"about":[{"href":"https:\/\/www.museuhistoricosl.com.br\/loja\/wp-json\/wp\/v2\/types\/product"}],"replies":[{"embeddable":true,"href":"https:\/\/www.museuhistoricosl.com.br\/loja\/wp-json\/wp\/v2\/comments?post=31653"}],"wp:featuredmedia":[{"embeddable":true,"href":"https:\/\/www.museuhistoricosl.com.br\/loja\/wp-json\/wp\/v2\/media\/31652"}],"wp:attachment":[{"href":"https:\/\/www.museuhistoricosl.com.br\/loja\/wp-json\/wp\/v2\/media?parent=31653"}],"wp:term":[{"taxonomy":"product_cat","embeddable":true,"href":"https:\/\/www.museuhistoricosl.com.br\/loja\/wp-json\/wp\/v2\/product_cat?post=31653"},{"taxonomy":"product_tag","embeddable":true,"href":"https:\/\/www.museuhistoricosl.com.br\/loja\/wp-json\/wp\/v2\/product_tag?post=31653"}],"curies":[{"name":"wp","href":"https:\/\/api.w.org\/{rel}","templated":true}]}}