{"id":31382,"date":"2022-01-10T09:15:57","date_gmt":"2022-01-10T12:15:57","guid":{"rendered":"https:\/\/www.museuhistoricosl.com.br\/loja\/produto\/sl043-fd-0012\/"},"modified":"2022-01-10T09:15:57","modified_gmt":"2022-01-10T12:15:57","slug":"sl043-fd-0012","status":"publish","type":"product","link":"https:\/\/www.museuhistoricosl.com.br\/loja\/produto\/sl043-fd-0012\/","title":{"rendered":"SL043-FD-0012"},"content":{"rendered":"<p>Elizabeth Kowatz. Torres. &#8211; C\u00f3digo anterior de cat\u00e1logo:FD 43-12; Fundo Fam\u00edlia Kowatz; <\/p>\n","protected":false},"excerpt":{"rendered":"<p>Elizabeth Kowatz. Torres. &#8211; C\u00f3digo anterior de cat\u00e1logo:FD 43-12; Fundo Fam\u00edlia Kowatz;<\/p>\n","protected":false},"featured_media":31381,"comment_status":"open","ping_status":"closed","template":"","meta":{"_acf_changed":false},"product_cat":[71],"product_tag":[],"class_list":["post-31382","product","type-product","status-publish","has-post-thumbnail","hentry","product_cat-fundo-familia-kowatz"],"acf":[],"_links":{"self":[{"href":"https:\/\/www.museuhistoricosl.com.br\/loja\/wp-json\/wp\/v2\/product\/31382","targetHints":{"allow":["GET"]}}],"collection":[{"href":"https:\/\/www.museuhistoricosl.com.br\/loja\/wp-json\/wp\/v2\/product"}],"about":[{"href":"https:\/\/www.museuhistoricosl.com.br\/loja\/wp-json\/wp\/v2\/types\/product"}],"replies":[{"embeddable":true,"href":"https:\/\/www.museuhistoricosl.com.br\/loja\/wp-json\/wp\/v2\/comments?post=31382"}],"wp:featuredmedia":[{"embeddable":true,"href":"https:\/\/www.museuhistoricosl.com.br\/loja\/wp-json\/wp\/v2\/media\/31381"}],"wp:attachment":[{"href":"https:\/\/www.museuhistoricosl.com.br\/loja\/wp-json\/wp\/v2\/media?parent=31382"}],"wp:term":[{"taxonomy":"product_cat","embeddable":true,"href":"https:\/\/www.museuhistoricosl.com.br\/loja\/wp-json\/wp\/v2\/product_cat?post=31382"},{"taxonomy":"product_tag","embeddable":true,"href":"https:\/\/www.museuhistoricosl.com.br\/loja\/wp-json\/wp\/v2\/product_tag?post=31382"}],"curies":[{"name":"wp","href":"https:\/\/api.w.org\/{rel}","templated":true}]}}