{"id":31129,"date":"2022-01-07T09:18:35","date_gmt":"2022-01-07T12:18:35","guid":{"rendered":"https:\/\/www.museuhistoricosl.com.br\/loja\/produto\/sl042-fd-0011\/"},"modified":"2022-01-07T09:18:35","modified_gmt":"2022-01-07T12:18:35","slug":"sl042-fd-0011","status":"publish","type":"product","link":"https:\/\/www.museuhistoricosl.com.br\/loja\/produto\/sl042-fd-0011\/","title":{"rendered":"SL042-FD-0011"},"content":{"rendered":"<p>N\u00e3o apresenta descri\u00e7\u00e3o no verso. &#8211; C\u00f3digo anterior de cat\u00e1logo:FD 42-11; Fundo Fam\u00edlia Knierim; <\/p>\n","protected":false},"excerpt":{"rendered":"<p>N\u00e3o apresenta descri\u00e7\u00e3o no verso. &#8211; C\u00f3digo anterior de cat\u00e1logo:FD 42-11; Fundo Fam\u00edlia Knierim;<\/p>\n","protected":false},"featured_media":31128,"comment_status":"open","ping_status":"closed","template":"","meta":{"_acf_changed":false},"product_cat":[70],"product_tag":[],"class_list":["post-31129","product","type-product","status-publish","has-post-thumbnail","hentry","product_cat-fundo-familia-knierim"],"acf":[],"_links":{"self":[{"href":"https:\/\/www.museuhistoricosl.com.br\/loja\/wp-json\/wp\/v2\/product\/31129","targetHints":{"allow":["GET"]}}],"collection":[{"href":"https:\/\/www.museuhistoricosl.com.br\/loja\/wp-json\/wp\/v2\/product"}],"about":[{"href":"https:\/\/www.museuhistoricosl.com.br\/loja\/wp-json\/wp\/v2\/types\/product"}],"replies":[{"embeddable":true,"href":"https:\/\/www.museuhistoricosl.com.br\/loja\/wp-json\/wp\/v2\/comments?post=31129"}],"wp:featuredmedia":[{"embeddable":true,"href":"https:\/\/www.museuhistoricosl.com.br\/loja\/wp-json\/wp\/v2\/media\/31128"}],"wp:attachment":[{"href":"https:\/\/www.museuhistoricosl.com.br\/loja\/wp-json\/wp\/v2\/media?parent=31129"}],"wp:term":[{"taxonomy":"product_cat","embeddable":true,"href":"https:\/\/www.museuhistoricosl.com.br\/loja\/wp-json\/wp\/v2\/product_cat?post=31129"},{"taxonomy":"product_tag","embeddable":true,"href":"https:\/\/www.museuhistoricosl.com.br\/loja\/wp-json\/wp\/v2\/product_tag?post=31129"}],"curies":[{"name":"wp","href":"https:\/\/api.w.org\/{rel}","templated":true}]}}