{"id":31044,"date":"2022-01-07T09:10:04","date_gmt":"2022-01-07T12:10:04","guid":{"rendered":"https:\/\/www.museuhistoricosl.com.br\/loja\/produto\/sl048-fd-0088\/"},"modified":"2022-01-07T09:10:04","modified_gmt":"2022-01-07T12:10:04","slug":"sl048-fd-0088","status":"publish","type":"product","link":"https:\/\/www.museuhistoricosl.com.br\/loja\/produto\/sl048-fd-0088\/","title":{"rendered":"SL048-FD-0088"},"content":{"rendered":"<p>Escola Funda\u00e7\u00e3o Evang\u00e9lica (Evangelisches Stift at\u00e9 1938, quando passou para Funda\u00e7\u00e3o Evang\u00e9lica por conta da Nacionaliza\u00e7\u00e3o), do bairro Hamburgo Velho, em Novo Hamburgo.  &#8211; C\u00f3digo anterior de cat\u00e1logo:FD 48-88; Fundo Fam\u00edlia Cerqueira Russo; <\/p>\n","protected":false},"excerpt":{"rendered":"<p>Escola Funda\u00e7\u00e3o Evang\u00e9lica (Evangelisches Stift at\u00e9 1938, quando passou para Funda\u00e7\u00e3o Evang\u00e9lica por conta da Nacionaliza\u00e7\u00e3o), do bairro Hamburgo Velho,<\/p>\n","protected":false},"featured_media":31043,"comment_status":"open","ping_status":"closed","template":"","meta":{"_acf_changed":false},"product_cat":[69],"product_tag":[],"class_list":["post-31044","product","type-product","status-publish","has-post-thumbnail","hentry","product_cat-fundo-familia-cerqueira-russo"],"acf":[],"_links":{"self":[{"href":"https:\/\/www.museuhistoricosl.com.br\/loja\/wp-json\/wp\/v2\/product\/31044","targetHints":{"allow":["GET"]}}],"collection":[{"href":"https:\/\/www.museuhistoricosl.com.br\/loja\/wp-json\/wp\/v2\/product"}],"about":[{"href":"https:\/\/www.museuhistoricosl.com.br\/loja\/wp-json\/wp\/v2\/types\/product"}],"replies":[{"embeddable":true,"href":"https:\/\/www.museuhistoricosl.com.br\/loja\/wp-json\/wp\/v2\/comments?post=31044"}],"wp:featuredmedia":[{"embeddable":true,"href":"https:\/\/www.museuhistoricosl.com.br\/loja\/wp-json\/wp\/v2\/media\/31043"}],"wp:attachment":[{"href":"https:\/\/www.museuhistoricosl.com.br\/loja\/wp-json\/wp\/v2\/media?parent=31044"}],"wp:term":[{"taxonomy":"product_cat","embeddable":true,"href":"https:\/\/www.museuhistoricosl.com.br\/loja\/wp-json\/wp\/v2\/product_cat?post=31044"},{"taxonomy":"product_tag","embeddable":true,"href":"https:\/\/www.museuhistoricosl.com.br\/loja\/wp-json\/wp\/v2\/product_tag?post=31044"}],"curies":[{"name":"wp","href":"https:\/\/api.w.org\/{rel}","templated":true}]}}