{"id":31042,"date":"2022-01-07T09:10:02","date_gmt":"2022-01-07T12:10:02","guid":{"rendered":"https:\/\/www.museuhistoricosl.com.br\/loja\/produto\/sl048-fd-0087\/"},"modified":"2022-01-07T09:10:02","modified_gmt":"2022-01-07T12:10:02","slug":"sl048-fd-0087","status":"publish","type":"product","link":"https:\/\/www.museuhistoricosl.com.br\/loja\/produto\/sl048-fd-0087\/","title":{"rendered":"SL048-FD-0087"},"content":{"rendered":"<p>Escola Funda\u00e7\u00e3o Evang\u00e9lica (Evangelisches Stift at\u00e9 1938, quando passou para Funda\u00e7\u00e3o Evang\u00e9lica por conta da Nacionaliza\u00e7\u00e3o), do bairro Hamburgo Velho, em Novo Hamburgo. Foto tirada durante aula de Costura (inclu\u00edda dentro da forma\u00e7\u00e3o de Economia Dom\u00e9stica).  &#8211; C\u00f3digo anterior de cat\u00e1logo:FD 48-87; Fundo Fam\u00edlia Cerqueira Russo; <\/p>\n","protected":false},"excerpt":{"rendered":"<p>Escola Funda\u00e7\u00e3o Evang\u00e9lica (Evangelisches Stift at\u00e9 1938, quando passou para Funda\u00e7\u00e3o Evang\u00e9lica por conta da Nacionaliza\u00e7\u00e3o), do bairro Hamburgo Velho,<\/p>\n","protected":false},"featured_media":31041,"comment_status":"open","ping_status":"closed","template":"","meta":{"_acf_changed":false},"product_cat":[69],"product_tag":[],"class_list":["post-31042","product","type-product","status-publish","has-post-thumbnail","hentry","product_cat-fundo-familia-cerqueira-russo"],"acf":[],"_links":{"self":[{"href":"https:\/\/www.museuhistoricosl.com.br\/loja\/wp-json\/wp\/v2\/product\/31042","targetHints":{"allow":["GET"]}}],"collection":[{"href":"https:\/\/www.museuhistoricosl.com.br\/loja\/wp-json\/wp\/v2\/product"}],"about":[{"href":"https:\/\/www.museuhistoricosl.com.br\/loja\/wp-json\/wp\/v2\/types\/product"}],"replies":[{"embeddable":true,"href":"https:\/\/www.museuhistoricosl.com.br\/loja\/wp-json\/wp\/v2\/comments?post=31042"}],"wp:featuredmedia":[{"embeddable":true,"href":"https:\/\/www.museuhistoricosl.com.br\/loja\/wp-json\/wp\/v2\/media\/31041"}],"wp:attachment":[{"href":"https:\/\/www.museuhistoricosl.com.br\/loja\/wp-json\/wp\/v2\/media?parent=31042"}],"wp:term":[{"taxonomy":"product_cat","embeddable":true,"href":"https:\/\/www.museuhistoricosl.com.br\/loja\/wp-json\/wp\/v2\/product_cat?post=31042"},{"taxonomy":"product_tag","embeddable":true,"href":"https:\/\/www.museuhistoricosl.com.br\/loja\/wp-json\/wp\/v2\/product_tag?post=31042"}],"curies":[{"name":"wp","href":"https:\/\/api.w.org\/{rel}","templated":true}]}}