{"id":31030,"date":"2022-01-07T09:09:52","date_gmt":"2022-01-07T12:09:52","guid":{"rendered":"https:\/\/www.museuhistoricosl.com.br\/loja\/produto\/sl048-fd-0081\/"},"modified":"2022-01-07T09:09:52","modified_gmt":"2022-01-07T12:09:52","slug":"sl048-fd-0081","status":"publish","type":"product","link":"https:\/\/www.museuhistoricosl.com.br\/loja\/produto\/sl048-fd-0081\/","title":{"rendered":"SL048-FD-0081"},"content":{"rendered":"<p>Parte do Corpo Docente da escola Funda\u00e7\u00e3o Evang\u00e9lica (Evangelisches Stift at\u00e9 1938, quando passou para Funda\u00e7\u00e3o Evang\u00e9lica por conta da Nacionaliza\u00e7\u00e3o), do bairro Hamburgo Velho, em Novo Hamburgo, na d\u00e9cada de 1930. O homem que aparece na foto \u00e9 o regente e professor Samuel Dietschi, que lecionou na escola durante 50 anos, entre 1894 e 1944. Entre as professoras, Ilsa e Maria M\u00fcller. &#8211; C\u00f3digo anterior de cat\u00e1logo:FD 48-81; Fundo Fam\u00edlia Cerqueira Russo; <\/p>\n","protected":false},"excerpt":{"rendered":"<p>Parte do Corpo Docente da escola Funda\u00e7\u00e3o Evang\u00e9lica (Evangelisches Stift at\u00e9 1938, quando passou para Funda\u00e7\u00e3o Evang\u00e9lica por conta da<\/p>\n","protected":false},"featured_media":31029,"comment_status":"open","ping_status":"closed","template":"","meta":{"_acf_changed":false},"product_cat":[69],"product_tag":[],"class_list":["post-31030","product","type-product","status-publish","has-post-thumbnail","hentry","product_cat-fundo-familia-cerqueira-russo"],"acf":[],"_links":{"self":[{"href":"https:\/\/www.museuhistoricosl.com.br\/loja\/wp-json\/wp\/v2\/product\/31030","targetHints":{"allow":["GET"]}}],"collection":[{"href":"https:\/\/www.museuhistoricosl.com.br\/loja\/wp-json\/wp\/v2\/product"}],"about":[{"href":"https:\/\/www.museuhistoricosl.com.br\/loja\/wp-json\/wp\/v2\/types\/product"}],"replies":[{"embeddable":true,"href":"https:\/\/www.museuhistoricosl.com.br\/loja\/wp-json\/wp\/v2\/comments?post=31030"}],"wp:featuredmedia":[{"embeddable":true,"href":"https:\/\/www.museuhistoricosl.com.br\/loja\/wp-json\/wp\/v2\/media\/31029"}],"wp:attachment":[{"href":"https:\/\/www.museuhistoricosl.com.br\/loja\/wp-json\/wp\/v2\/media?parent=31030"}],"wp:term":[{"taxonomy":"product_cat","embeddable":true,"href":"https:\/\/www.museuhistoricosl.com.br\/loja\/wp-json\/wp\/v2\/product_cat?post=31030"},{"taxonomy":"product_tag","embeddable":true,"href":"https:\/\/www.museuhistoricosl.com.br\/loja\/wp-json\/wp\/v2\/product_tag?post=31030"}],"curies":[{"name":"wp","href":"https:\/\/api.w.org\/{rel}","templated":true}]}}