{"id":31014,"date":"2022-01-07T09:09:46","date_gmt":"2022-01-07T12:09:46","guid":{"rendered":"https:\/\/www.museuhistoricosl.com.br\/loja\/produto\/sl048-fd-0073\/"},"modified":"2022-01-07T09:09:46","modified_gmt":"2022-01-07T12:09:46","slug":"sl048-fd-0073","status":"publish","type":"product","link":"https:\/\/www.museuhistoricosl.com.br\/loja\/produto\/sl048-fd-0073\/","title":{"rendered":"SL048-FD-0073"},"content":{"rendered":"<p>Foto (lembran\u00e7a de um churrasco) que Jos\u00e9 J\u00falio M\u00fcller ofereceu \u00e0s sobrinhas Ilsa e Maria M\u00fcller. Ira\u00ed, 25\/03\/1932.   &#8211; C\u00f3digo anterior de cat\u00e1logo:FD 48-73; Fundo Fam\u00edlia Cerqueira Russo; <\/p>\n","protected":false},"excerpt":{"rendered":"<p>Foto (lembran\u00e7a de um churrasco) que Jos\u00e9 J\u00falio M\u00fcller ofereceu \u00e0s sobrinhas Ilsa e Maria M\u00fcller. Ira\u00ed, 25\/03\/1932. &#8211; C\u00f3digo<\/p>\n","protected":false},"featured_media":31013,"comment_status":"open","ping_status":"closed","template":"","meta":{"_acf_changed":false},"product_cat":[69],"product_tag":[],"class_list":["post-31014","product","type-product","status-publish","has-post-thumbnail","hentry","product_cat-fundo-familia-cerqueira-russo"],"acf":[],"_links":{"self":[{"href":"https:\/\/www.museuhistoricosl.com.br\/loja\/wp-json\/wp\/v2\/product\/31014","targetHints":{"allow":["GET"]}}],"collection":[{"href":"https:\/\/www.museuhistoricosl.com.br\/loja\/wp-json\/wp\/v2\/product"}],"about":[{"href":"https:\/\/www.museuhistoricosl.com.br\/loja\/wp-json\/wp\/v2\/types\/product"}],"replies":[{"embeddable":true,"href":"https:\/\/www.museuhistoricosl.com.br\/loja\/wp-json\/wp\/v2\/comments?post=31014"}],"wp:featuredmedia":[{"embeddable":true,"href":"https:\/\/www.museuhistoricosl.com.br\/loja\/wp-json\/wp\/v2\/media\/31013"}],"wp:attachment":[{"href":"https:\/\/www.museuhistoricosl.com.br\/loja\/wp-json\/wp\/v2\/media?parent=31014"}],"wp:term":[{"taxonomy":"product_cat","embeddable":true,"href":"https:\/\/www.museuhistoricosl.com.br\/loja\/wp-json\/wp\/v2\/product_cat?post=31014"},{"taxonomy":"product_tag","embeddable":true,"href":"https:\/\/www.museuhistoricosl.com.br\/loja\/wp-json\/wp\/v2\/product_tag?post=31014"}],"curies":[{"name":"wp","href":"https:\/\/api.w.org\/{rel}","templated":true}]}}