{"id":31010,"date":"2022-01-07T09:09:45","date_gmt":"2022-01-07T12:09:45","guid":{"rendered":"https:\/\/www.museuhistoricosl.com.br\/loja\/produto\/sl048-fd-0071\/"},"modified":"2022-01-07T09:09:45","modified_gmt":"2022-01-07T12:09:45","slug":"sl048-fd-0071","status":"publish","type":"product","link":"https:\/\/www.museuhistoricosl.com.br\/loja\/produto\/sl048-fd-0071\/","title":{"rendered":"SL048-FD-0071"},"content":{"rendered":"<p>Foto da Igreja Evang\u00e9lica de Confiss\u00e3o Luterana no Brasil (IECLB) da cidade de S\u00e3o Sebasti\u00e3o do Ca\u00ed. Foto enviada como lembran\u00e7a para Erna Cornelius (casada M\u00fcller). S\u00e3o Sebasti\u00e3o do Ca\u00ed, 25\/03\/1917.  &#8211; C\u00f3digo anterior de cat\u00e1logo:FD 48-71; Fundo Fam\u00edlia Cerqueira Russo; <\/p>\n","protected":false},"excerpt":{"rendered":"<p>Foto da Igreja Evang\u00e9lica de Confiss\u00e3o Luterana no Brasil (IECLB) da cidade de S\u00e3o Sebasti\u00e3o do Ca\u00ed. Foto enviada como<\/p>\n","protected":false},"featured_media":31009,"comment_status":"open","ping_status":"closed","template":"","meta":{"_acf_changed":false},"product_cat":[69],"product_tag":[],"class_list":["post-31010","product","type-product","status-publish","has-post-thumbnail","hentry","product_cat-fundo-familia-cerqueira-russo"],"acf":[],"_links":{"self":[{"href":"https:\/\/www.museuhistoricosl.com.br\/loja\/wp-json\/wp\/v2\/product\/31010","targetHints":{"allow":["GET"]}}],"collection":[{"href":"https:\/\/www.museuhistoricosl.com.br\/loja\/wp-json\/wp\/v2\/product"}],"about":[{"href":"https:\/\/www.museuhistoricosl.com.br\/loja\/wp-json\/wp\/v2\/types\/product"}],"replies":[{"embeddable":true,"href":"https:\/\/www.museuhistoricosl.com.br\/loja\/wp-json\/wp\/v2\/comments?post=31010"}],"wp:featuredmedia":[{"embeddable":true,"href":"https:\/\/www.museuhistoricosl.com.br\/loja\/wp-json\/wp\/v2\/media\/31009"}],"wp:attachment":[{"href":"https:\/\/www.museuhistoricosl.com.br\/loja\/wp-json\/wp\/v2\/media?parent=31010"}],"wp:term":[{"taxonomy":"product_cat","embeddable":true,"href":"https:\/\/www.museuhistoricosl.com.br\/loja\/wp-json\/wp\/v2\/product_cat?post=31010"},{"taxonomy":"product_tag","embeddable":true,"href":"https:\/\/www.museuhistoricosl.com.br\/loja\/wp-json\/wp\/v2\/product_tag?post=31010"}],"curies":[{"name":"wp","href":"https:\/\/api.w.org\/{rel}","templated":true}]}}